{"id":4476,"date":"2023-05-11T09:39:11","date_gmt":"2023-05-11T09:39:11","guid":{"rendered":"https:\/\/fundatia-mvschmidt.org\/cip-si-cirip-sau-lumea-magica-a-mamei-si-a-fetitei-ei\/"},"modified":"2023-05-11T15:02:17","modified_gmt":"2023-05-11T15:02:17","slug":"cip-si-cirip-sau-lumea-magica-a-mamei-si-a-fetitei-ei","status":"publish","type":"page","link":"https:\/\/www.fundatia-michael-schmidt.org\/de\/cip-si-cirip-sau-lumea-magica-a-mamei-si-a-fetitei-ei\/","title":{"rendered":"Cip \u015fi Cirip sau Lumea magic\u0103 a mamei \u015fi a feti\u0163ei ei"},"content":{"rendered":"<p><em><img loading=\"lazy\" class=\"wp-image-4470 alignleft\" src=\"https:\/\/fundatia-mvschmidt.org\/wp-content\/uploads\/2023\/05\/cip.jpg\" alt=\"\" width=\"215\" height=\"281\" \/> <\/em><strong>Veronica Schmidt, Ann \u2013 Kathrin Schmidt<\/strong><\/p>\n<p>Pove\u0219ti pline de farmec \u0219i de \u00eenv\u0103\u021b\u0103minte despre lumi imaginare, dinainte ca lumea s\u0103 fie \u201ea\u0219a cum o \u0219tim noi ast\u0103zi\u201d, pentru copii de la 6-7 ani \u00een sus. Cartea exist\u0103 \u00een trei variante, \u00een limbile roman\u0103, englez\u0103 \u0219i german\u0103.<\/p>\n<p>O mam\u0103 \u00eencearc\u0103 s\u0103 r\u0103spund\u0103 la \u00eentreb\u0103rile feti\u021bei ei despre lume \u0219i oameni invent\u00e2nd c\u00e2te o poveste pentru fiecare \u00eentrebare. Feti\u021ba intr\u0103 \u00een joc, \u00eembog\u0103\u021bind aceste pove\u0219ti. Din acest dialog rezult\u0103 o carte inedit\u0103, care \u00eencearc\u0103 s\u0103 explice emo\u021bii \u0219i atitudini pe \u00een\u021belesul copiilor \u0219i s\u0103-i \u00eenve\u021be c\u0103, prin imagina\u021bia lor, lumea poate fi diferit\u0103 de cea pe care o \u0219tim ast\u0103zi.<\/p>\n<p>Regi cu puteri magice, prin\u021bese cu insu\u0219iri speciale, z\u00e2ne ce-\u0219i d\u0103ruiesc lumii culorile, devenind transparente\u2026 cinci pove\u0219ti pline de farmec, \u00eenso\u021bite de ilustra\u021bii pe m\u0103sur\u0103, dedicate tuturor mamelor din lume, pentru a le \u00eencuraja s\u0103 inventeze pove\u0219ti care prezint\u0103 interesele \u0219i tr\u0103irile copiilor lor\u201d, dup\u0103 cum ne spune una dintre autoare.<\/p>\n<p><em>\u201ePove\u0219tile despre rela\u021bia dintre mam\u0103 \u0219i fiic\u0103 sunt la fel de vechi precum omenirea \u00eens\u0103\u0219i. Pentru noi, mamele, este o adevarat\u0103 provocare, pentru c\u0103 t\u021bnem \u00een m\u00e2ini viitorul fiicelor noastre: trebuie s\u0103 le c\u0103l\u0103uzim prin via\u021b\u0103 cu dragoste, s\u0103 le transmitem cultura \u0219i valorile noastre.<\/em><\/p>\n<p><em>C\u00e2nd fiica mea, Theodora, era mai mic\u0103, obi\u0219nuiam s\u0103 ne petrecem serile \u00eempreun\u0103, cufund\u00e2ndu-ne \u00een lumea magic\u0103 a pove\u0219tilor. Suntem sigure c\u0103 aceast\u0103 carte le va d\u0103rui multor mame \u0219i fiicelor lor momente la fel de fericite \u0219i pre\u021bioase.\u201d<\/em>\u00a0(<strong>ASS Principesa Astrid de Liechtenstein \u0219i ASS \u2000Principesa Theodora de Liechtenstein<\/strong>)<\/p>\n<p><em>Not\u0103 informativ\u0103: Volumul este disponibil \u00een limbile rom\u00e2n\u0103, german\u0103, englez\u0103.<\/em><\/p>\n<h3 style=\"text-align: justify;\">Comand\u0103 acum:<\/h3>\n<ul>\n<li>Cartea \u201eCip \u015fi Cirip sau Lumea magic\u0103 a mamei \u015fi a feti\u0163ei ei\u201d &#8211; 72 Lei<\/li>\n<li>Metode de plat\u0103: Cash la livrare<\/li>\n<li>Pentru comenzi de min. 100 lei, cheltuielile de transport sunt incluse \u00een pre\u021b.<\/li>\n<\/ul>\n<p style=\"text-align: justify;\"><div role=\"form\" class=\"wpcf7\" id=\"wpcf7-f760-o1\" lang=\"ro-RO\" dir=\"ltr\">\n<div class=\"screen-reader-response\"><p role=\"status\" aria-live=\"polite\" aria-atomic=\"true\"><\/p> <ul><\/ul><\/div>\n<form action=\"\/de\/wp-json\/wp\/v2\/pages\/4476#wpcf7-f760-o1\" method=\"post\" class=\"wpcf7-form init\" novalidate=\"novalidate\" data-status=\"init\">\n<div style=\"display: none;\">\n<input type=\"hidden\" name=\"_wpcf7\" value=\"760\" \/>\n<input type=\"hidden\" name=\"_wpcf7_version\" value=\"5.5.6\" \/>\n<input type=\"hidden\" name=\"_wpcf7_locale\" value=\"ro_RO\" \/>\n<input type=\"hidden\" name=\"_wpcf7_unit_tag\" value=\"wpcf7-f760-o1\" \/>\n<input type=\"hidden\" name=\"_wpcf7_container_post\" value=\"0\" \/>\n<input type=\"hidden\" name=\"_wpcf7_posted_data_hash\" value=\"\" \/>\n<\/div>\n<p>Nume *<br \/>\n    <span class=\"wpcf7-form-control-wrap nume\"><input type=\"text\" name=\"nume\" value=\"\" size=\"40\" class=\"wpcf7-form-control wpcf7-text wpcf7-validates-as-required\" aria-required=\"true\" aria-invalid=\"false\" \/><\/span> <\/p>\n<p>Prenume *<br \/>\n    <span class=\"wpcf7-form-control-wrap prenume\"><input type=\"text\" name=\"prenume\" value=\"\" size=\"40\" class=\"wpcf7-form-control wpcf7-text wpcf7-validates-as-required\" aria-required=\"true\" aria-invalid=\"false\" \/><\/span> <\/p>\n<p>Adres\u0103 de email *<br \/>\n    <span class=\"wpcf7-form-control-wrap email\"><input type=\"email\" name=\"email\" value=\"\" size=\"40\" class=\"wpcf7-form-control wpcf7-text wpcf7-email wpcf7-validates-as-required wpcf7-validates-as-email\" aria-required=\"true\" aria-invalid=\"false\" \/><\/span> <\/p>\n<p>Telefon *<br \/>\n    <span class=\"wpcf7-form-control-wrap telefon\"><input type=\"text\" name=\"telefon\" value=\"\" size=\"40\" class=\"wpcf7-form-control wpcf7-text wpcf7-validates-as-required\" aria-required=\"true\" aria-invalid=\"false\" \/><\/span> <\/p>\n<p>Adres\u0103 de expedi\u021bie *<br \/>\n    <span class=\"wpcf7-form-control-wrap adresa-expeditie\"><textarea name=\"adresa-expeditie\" cols=\"40\" rows=\"10\" class=\"wpcf7-form-control wpcf7-textarea wpcf7-validates-as-required\" aria-required=\"true\" aria-invalid=\"false\"><\/textarea><\/span> <\/p>\n<p>Num\u0103r buc\u0103\u021bi *<br \/>\n    <span class=\"wpcf7-form-control-wrap numar-bucati\"><input type=\"number\" name=\"numar-bucati\" value=\"1\" class=\"wpcf7-form-control wpcf7-number wpcf7-validates-as-required wpcf7-validates-as-number\" min=\"1\" max=\"100\" aria-required=\"true\" aria-invalid=\"false\" \/><\/span> <\/p>\n<p>[recaptcha]<\/p>\n<p><input type=\"submit\" value=\"Comand\u0103\" class=\"wpcf7-form-control has-spinner wpcf7-submit\" \/><\/p>\n<p style=\"display: none !important;\"><label>&#916;<textarea name=\"_wpcf7_ak_hp_textarea\" cols=\"45\" rows=\"8\" maxlength=\"100\"><\/textarea><\/label><input type=\"hidden\" id=\"ak_js_1\" name=\"_wpcf7_ak_js\" value=\"44\"\/><script>document.getElementById( \"ak_js_1\" ).setAttribute( \"value\", ( new Date() ).getTime() );<\/script><\/p><div class=\"wpcf7-response-output\" aria-hidden=\"true\"><\/div><\/form><\/div><\/p>\n","protected":false},"excerpt":{"rendered":"<p>Veronica Schmidt, Ann \u2013 Kathrin Schmidt Pove\u0219ti pline de farmec \u0219i de \u00eenv\u0103\u021b\u0103minte despre lumi imaginare, dinainte ca lumea s\u0103 fie \u201ea\u0219a cum o \u0219tim noi ast\u0103zi\u201d, pentru copii de la 6-7 ani \u00een sus. Cartea exist\u0103 \u00een trei variante, \u00een limbile roman\u0103, englez\u0103 \u0219i german\u0103. O mam\u0103 \u00eencearc\u0103 s\u0103 r\u0103spund\u0103 la \u00eentreb\u0103rile feti\u021bei ei <a class=\"more-link\" href=\"https:\/\/www.fundatia-michael-schmidt.org\/de\/cip-si-cirip-sau-lumea-magica-a-mamei-si-a-fetitei-ei\/\">[&#8230;]<\/a><\/p>\n","protected":false},"author":4,"featured_media":0,"parent":0,"menu_order":0,"comment_status":"closed","ping_status":"closed","template":"","meta":{"spay_email":""},"yoast_head":"<!-- This site is optimized with the Yoast SEO plugin v18.2 - https:\/\/yoast.com\/wordpress\/plugins\/seo\/ -->\n<title>Cip \u015fi Cirip sau Lumea magic\u0103 a mamei \u015fi a feti\u0163ei ei | Fundatia Michael Schmidt<\/title>\n<meta name=\"robots\" content=\"index, follow, max-snippet:-1, max-image-preview:large, max-video-preview:-1\" \/>\n<link rel=\"canonical\" href=\"https:\/\/www.fundatia-michael-schmidt.org\/de\/cip-si-cirip-sau-lumea-magica-a-mamei-si-a-fetitei-ei\/\" \/>\n<meta property=\"og:locale\" content=\"de_DE\" \/>\n<meta property=\"og:type\" content=\"article\" \/>\n<meta property=\"og:title\" content=\"Cip \u015fi Cirip sau Lumea magic\u0103 a mamei \u015fi a feti\u0163ei ei | Fundatia Michael Schmidt\" \/>\n<meta property=\"og:description\" content=\"Veronica Schmidt, Ann \u2013 Kathrin Schmidt Pove\u0219ti pline de farmec \u0219i de \u00eenv\u0103\u021b\u0103minte despre lumi imaginare, dinainte ca lumea s\u0103 fie \u201ea\u0219a cum o \u0219tim noi ast\u0103zi\u201d, pentru copii de la 6-7 ani \u00een sus. Cartea exist\u0103 \u00een trei variante, \u00een limbile roman\u0103, englez\u0103 \u0219i german\u0103. O mam\u0103 \u00eencearc\u0103 s\u0103 r\u0103spund\u0103 la \u00eentreb\u0103rile feti\u021bei ei [...]\" \/>\n<meta property=\"og:url\" content=\"https:\/\/www.fundatia-michael-schmidt.org\/de\/cip-si-cirip-sau-lumea-magica-a-mamei-si-a-fetitei-ei\/\" \/>\n<meta property=\"og:site_name\" content=\"Fundatia Michael Schmidt\" \/>\n<meta property=\"article:modified_time\" content=\"2023-05-11T15:02:17+00:00\" \/>\n<meta property=\"og:image\" content=\"https:\/\/fundatia-mvschmidt.org\/wp-content\/uploads\/2023\/05\/cip.jpg\" \/>\n<meta name=\"twitter:card\" content=\"summary\" \/>\n<meta name=\"twitter:label1\" content=\"Gesch\u00e4tzte Lesezeit\" \/>\n\t<meta name=\"twitter:data1\" content=\"2\u00a0Minuten\" \/>\n<script type=\"application\/ld+json\" class=\"yoast-schema-graph\">{\"@context\":\"https:\/\/schema.org\",\"@graph\":[{\"@type\":\"WebSite\",\"@id\":\"https:\/\/www.fundatia-michael-schmidt.org\/#website\",\"url\":\"https:\/\/www.fundatia-michael-schmidt.org\/\",\"name\":\"Fundatia Michael Schmidt\",\"description\":\"\",\"potentialAction\":[{\"@type\":\"SearchAction\",\"target\":{\"@type\":\"EntryPoint\",\"urlTemplate\":\"https:\/\/www.fundatia-michael-schmidt.org\/?s={search_term_string}\"},\"query-input\":\"required name=search_term_string\"}],\"inLanguage\":\"de\"},{\"@type\":\"ImageObject\",\"@id\":\"https:\/\/www.fundatia-michael-schmidt.org\/de\/cip-si-cirip-sau-lumea-magica-a-mamei-si-a-fetitei-ei\/#primaryimage\",\"inLanguage\":\"de\",\"url\":\"https:\/\/fundatia-mvschmidt.org\/wp-content\/uploads\/2023\/05\/cip.jpg\",\"contentUrl\":\"https:\/\/fundatia-mvschmidt.org\/wp-content\/uploads\/2023\/05\/cip.jpg\"},{\"@type\":\"WebPage\",\"@id\":\"https:\/\/www.fundatia-michael-schmidt.org\/de\/cip-si-cirip-sau-lumea-magica-a-mamei-si-a-fetitei-ei\/#webpage\",\"url\":\"https:\/\/www.fundatia-michael-schmidt.org\/de\/cip-si-cirip-sau-lumea-magica-a-mamei-si-a-fetitei-ei\/\",\"name\":\"Cip \u015fi Cirip sau Lumea magic\u0103 a mamei \u015fi a feti\u0163ei ei | Fundatia Michael Schmidt\",\"isPartOf\":{\"@id\":\"https:\/\/www.fundatia-michael-schmidt.org\/#website\"},\"primaryImageOfPage\":{\"@id\":\"https:\/\/www.fundatia-michael-schmidt.org\/de\/cip-si-cirip-sau-lumea-magica-a-mamei-si-a-fetitei-ei\/#primaryimage\"},\"datePublished\":\"2023-05-11T09:39:11+00:00\",\"dateModified\":\"2023-05-11T15:02:17+00:00\",\"breadcrumb\":{\"@id\":\"https:\/\/www.fundatia-michael-schmidt.org\/de\/cip-si-cirip-sau-lumea-magica-a-mamei-si-a-fetitei-ei\/#breadcrumb\"},\"inLanguage\":\"de\",\"potentialAction\":[{\"@type\":\"ReadAction\",\"target\":[\"https:\/\/www.fundatia-michael-schmidt.org\/de\/cip-si-cirip-sau-lumea-magica-a-mamei-si-a-fetitei-ei\/\"]}]},{\"@type\":\"BreadcrumbList\",\"@id\":\"https:\/\/www.fundatia-michael-schmidt.org\/de\/cip-si-cirip-sau-lumea-magica-a-mamei-si-a-fetitei-ei\/#breadcrumb\",\"itemListElement\":[{\"@type\":\"ListItem\",\"position\":1,\"name\":\"Home\",\"item\":\"https:\/\/www.fundatia-michael-schmidt.org\/de\/\"},{\"@type\":\"ListItem\",\"position\":2,\"name\":\"Cip \u015fi Cirip sau Lumea magic\u0103 a mamei \u015fi a feti\u0163ei ei\"}]}]}<\/script>\n<!-- \/ Yoast SEO plugin. -->","yoast_head_json":{"title":"Cip \u015fi Cirip sau Lumea magic\u0103 a mamei \u015fi a feti\u0163ei ei | Fundatia Michael Schmidt","robots":{"index":"index","follow":"follow","max-snippet":"max-snippet:-1","max-image-preview":"max-image-preview:large","max-video-preview":"max-video-preview:-1"},"canonical":"https:\/\/www.fundatia-michael-schmidt.org\/de\/cip-si-cirip-sau-lumea-magica-a-mamei-si-a-fetitei-ei\/","og_locale":"de_DE","og_type":"article","og_title":"Cip \u015fi Cirip sau Lumea magic\u0103 a mamei \u015fi a feti\u0163ei ei | Fundatia Michael Schmidt","og_description":"Veronica Schmidt, Ann \u2013 Kathrin Schmidt Pove\u0219ti pline de farmec \u0219i de \u00eenv\u0103\u021b\u0103minte despre lumi imaginare, dinainte ca lumea s\u0103 fie \u201ea\u0219a cum o \u0219tim noi ast\u0103zi\u201d, pentru copii de la 6-7 ani \u00een sus. Cartea exist\u0103 \u00een trei variante, \u00een limbile roman\u0103, englez\u0103 \u0219i german\u0103. O mam\u0103 \u00eencearc\u0103 s\u0103 r\u0103spund\u0103 la \u00eentreb\u0103rile feti\u021bei ei [...]","og_url":"https:\/\/www.fundatia-michael-schmidt.org\/de\/cip-si-cirip-sau-lumea-magica-a-mamei-si-a-fetitei-ei\/","og_site_name":"Fundatia Michael Schmidt","article_modified_time":"2023-05-11T15:02:17+00:00","og_image":[{"url":"https:\/\/fundatia-mvschmidt.org\/wp-content\/uploads\/2023\/05\/cip.jpg"}],"twitter_card":"summary","twitter_misc":{"Gesch\u00e4tzte Lesezeit":"2\u00a0Minuten"},"schema":{"@context":"https:\/\/schema.org","@graph":[{"@type":"WebSite","@id":"https:\/\/www.fundatia-michael-schmidt.org\/#website","url":"https:\/\/www.fundatia-michael-schmidt.org\/","name":"Fundatia Michael Schmidt","description":"","potentialAction":[{"@type":"SearchAction","target":{"@type":"EntryPoint","urlTemplate":"https:\/\/www.fundatia-michael-schmidt.org\/?s={search_term_string}"},"query-input":"required name=search_term_string"}],"inLanguage":"de"},{"@type":"ImageObject","@id":"https:\/\/www.fundatia-michael-schmidt.org\/de\/cip-si-cirip-sau-lumea-magica-a-mamei-si-a-fetitei-ei\/#primaryimage","inLanguage":"de","url":"https:\/\/fundatia-mvschmidt.org\/wp-content\/uploads\/2023\/05\/cip.jpg","contentUrl":"https:\/\/fundatia-mvschmidt.org\/wp-content\/uploads\/2023\/05\/cip.jpg"},{"@type":"WebPage","@id":"https:\/\/www.fundatia-michael-schmidt.org\/de\/cip-si-cirip-sau-lumea-magica-a-mamei-si-a-fetitei-ei\/#webpage","url":"https:\/\/www.fundatia-michael-schmidt.org\/de\/cip-si-cirip-sau-lumea-magica-a-mamei-si-a-fetitei-ei\/","name":"Cip \u015fi Cirip sau Lumea magic\u0103 a mamei \u015fi a feti\u0163ei ei | Fundatia Michael Schmidt","isPartOf":{"@id":"https:\/\/www.fundatia-michael-schmidt.org\/#website"},"primaryImageOfPage":{"@id":"https:\/\/www.fundatia-michael-schmidt.org\/de\/cip-si-cirip-sau-lumea-magica-a-mamei-si-a-fetitei-ei\/#primaryimage"},"datePublished":"2023-05-11T09:39:11+00:00","dateModified":"2023-05-11T15:02:17+00:00","breadcrumb":{"@id":"https:\/\/www.fundatia-michael-schmidt.org\/de\/cip-si-cirip-sau-lumea-magica-a-mamei-si-a-fetitei-ei\/#breadcrumb"},"inLanguage":"de","potentialAction":[{"@type":"ReadAction","target":["https:\/\/www.fundatia-michael-schmidt.org\/de\/cip-si-cirip-sau-lumea-magica-a-mamei-si-a-fetitei-ei\/"]}]},{"@type":"BreadcrumbList","@id":"https:\/\/www.fundatia-michael-schmidt.org\/de\/cip-si-cirip-sau-lumea-magica-a-mamei-si-a-fetitei-ei\/#breadcrumb","itemListElement":[{"@type":"ListItem","position":1,"name":"Home","item":"https:\/\/www.fundatia-michael-schmidt.org\/de\/"},{"@type":"ListItem","position":2,"name":"Cip \u015fi Cirip sau Lumea magic\u0103 a mamei \u015fi a feti\u0163ei ei"}]}]}},"jetpack_sharing_enabled":true,"jetpack_shortlink":"https:\/\/wp.me\/P7wrmh-1ac","jetpack-related-posts":[{"id":4474,"url":"https:\/\/www.fundatia-michael-schmidt.org\/cip-si-cirip-sau-lumea-magica-a-mamei-si-a-fetitei-ei\/","url_meta":{"origin":4476,"position":0},"title":"Cip \u015fi Cirip sau Lumea magic\u0103 a mamei \u015fi a feti\u0163ei ei","date":"Mai 11, 2023","format":false,"excerpt":"Veronica Schmidt, Ann \u2013 Kathrin Schmidt Pove\u0219ti pline de farmec \u0219i de \u00eenv\u0103\u021b\u0103minte despre lumi imaginare, dinainte ca lumea s\u0103 fie \u201ea\u0219a cum o \u0219tim noi ast\u0103zi\u201d, pentru copii de la 6-7 ani \u00een sus. Cartea exist\u0103 \u00een trei variante, \u00een limbile roman\u0103, englez\u0103 \u0219i german\u0103. O mam\u0103 \u00eencearc\u0103 s\u0103\u2026","rel":"","context":"\u00c4hnlicher Beitrag","img":{"alt_text":"","src":"https:\/\/i0.wp.com\/fundatia-mvschmidt.org\/wp-content\/uploads\/2023\/05\/cip.jpg?resize=350%2C200&ssl=1","width":350,"height":200},"classes":[]},{"id":477,"url":"https:\/\/www.fundatia-michael-schmidt.org\/comanda\/","url_meta":{"origin":4476,"position":1},"title":"Comand\u0103 produse","date":"Oktober 4, 2016","format":false,"excerpt":"Cip \u015fi Cirip sau Lumea magic\u0103 a mamei \u015fi a feti\u0163ei ei Veronica Schmidt, Ann \u2013 Kathrin Schmidt Pove\u0219ti pline de farmec \u0219i de \u00eenv\u0103\u021b\u0103minte despre lumi imaginare, dinainte ca lumea s\u0103 fie \"a\u0219a cum o \u0219tim noi ast\u0103zi\", pentru copii de la 6-7 ani \u00een sus. Cartea exist\u0103 \u00een\u2026","rel":"","context":"\u00c4hnlicher Beitrag","img":{"alt_text":"","src":"https:\/\/i0.wp.com\/www.fundatia-michael-schmidt.org\/wp-content\/uploads\/2016\/10\/comanda.png?resize=350%2C200","width":350,"height":200},"classes":[]},{"id":56,"url":"https:\/\/www.fundatia-michael-schmidt.org\/despre-noi\/povestea-fundatiei\/","url_meta":{"origin":4476,"position":2},"title":"Povestea funda\u021biei","date":"Mai 10, 2016","format":false,"excerpt":"\u00a0 Funda\u021bia Michael Schmidt\u00a0este o organiza\u0163ie non-profit, \u00eenfiin\u021bat\u0103 \u00een anul 2010 de c\u0103tre\u00a0Michael Schmidt, Pre\u015fedintele MHS Holding, care \u00ee\u0219i propune s\u0103 contribuie la conservarea \u0219i promovarea culturii s\u0103se\u0219ti din Transilvania. \u00cen plus, proiectele educa\u021bionale \u0219i cele umanitare fac de asemenea parte din priorit\u0103\u021bile funda\u021biei. Cum a \u00eenceput \u00eens\u0103 totul? Sas\u2026","rel":"","context":"\u00c4hnlicher Beitrag","img":{"alt_text":"","src":"https:\/\/i0.wp.com\/www.fundatia-michael-schmidt.org\/wp-content\/uploads\/2016\/05\/Sectiune-despre-noi-povestea-fundatiei.jpg?resize=350%2C200&ssl=1","width":350,"height":200},"classes":[]},{"id":457,"url":"https:\/\/www.fundatia-michael-schmidt.org\/cartea-crit-istoria-povestile-si-viata-unui-sat-de-sasi\/","url_meta":{"origin":4476,"position":3},"title":"Cartea &#8222;Cri\u0163. Istoria, pove\u0219tile \u015fi via\u0163a unui sat de sa\u015fi&#8220;","date":"Oktober 3, 2016","format":false,"excerpt":"Volumul Ruxandrei Hurezean, \u201eCri\u021b. Istoria, pove\u0219tile \u0219i via\u021ba unui sat de sa\u0219i\u201d descrie \u00een am\u0103nunt, \u00eentr-un stil viu \u0219i autentic, istoria satului Cri\u021b, v\u0103zut\u0103 prin ochii Sofiei Folberth, care, la 95 de ani este cea mai \u00een v\u00e2rst\u0103 s\u0103soaic\u0103 din zon\u0103. Sofia tr\u0103ie\u0219te \u00een Germania, dar se \u00eentoarce \u00een fiecare\u2026","rel":"","context":"\u00c4hnlicher Beitrag","img":{"alt_text":"","src":"","width":0,"height":0},"classes":[]},{"id":622,"url":"https:\/\/www.fundatia-michael-schmidt.org\/cum-poti-sprijini-fundatia-simplu-si-usor\/","url_meta":{"origin":4476,"position":4},"title":"Cum po\u021bi sprijini funda\u021bia simplu \u0219i u\u0219or","date":"Januar 31, 2017","format":false,"excerpt":"Cum po\u021bi sprijini funda\u021bia simplu \u0219i u\u0219or Avem nevoie de sprijinul t\u0103u pentru a derula \u00een continuare proiectele fundatiei De ce conteaz\u0103 implicarea ta? Fiind o organiza\u021bie nonprofit, resursele financiare ale Funda\u0163iei Michael\u00a0 Schmidt sunt limitate, iar multe dintre activit\u0103\u021bile desf\u0103\u0219urate sunt realizate numai din sponsoriz\u0103ri sau dona\u021bii; Vei contribui\u2026","rel":"","context":"\u00c4hnlicher Beitrag","img":{"alt_text":"","src":"https:\/\/i0.wp.com\/www.fundatia-michael-schmidt.org\/wp-content\/uploads\/2017\/01\/Sectiune-Cum-poti-sprijini-fundatia.jpg?resize=350%2C200&ssl=1","width":350,"height":200},"classes":[]},{"id":585,"url":"https:\/\/www.fundatia-michael-schmidt.org\/povestea-sasilor-din-transilvania-spusa-chiar-de-ei\/","url_meta":{"origin":4476,"position":5},"title":"Cartea \u201ePovestea sa\u0219ilor din Transilvania. Spus\u0103 chiar de ei\u201d","date":"Dezember 9, 2016","format":false,"excerpt":"Volumul jurnalistei Ruxandra Hurezean, \u201ePovestea sa\u0219ilor din Transilvania, spus\u0103 chiar de ei\u201d, cuprinde 12 pove\u0219ti de via\u021b\u0103 ale unor sa\u0219i care au r\u0103mas sau s-au \u00eentors \u00een Rom\u00e2nia post-comunist\u0103. Pove\u0219tile sunt \u201espuse chiar de ei\u201d, deoarece sunt reportaje realizate cu mijloace jurnalistice pe parcursul c\u00e2torva ani, \u00eencep\u00e2nd din 2008 p\u00e2n\u0103\u2026","rel":"","context":"\u00c4hnlicher Beitrag","img":{"alt_text":"","src":"","width":0,"height":0},"classes":[]}],"_links":{"self":[{"href":"https:\/\/www.fundatia-michael-schmidt.org\/de\/wp-json\/wp\/v2\/pages\/4476"}],"collection":[{"href":"https:\/\/www.fundatia-michael-schmidt.org\/de\/wp-json\/wp\/v2\/pages"}],"about":[{"href":"https:\/\/www.fundatia-michael-schmidt.org\/de\/wp-json\/wp\/v2\/types\/page"}],"author":[{"embeddable":true,"href":"https:\/\/www.fundatia-michael-schmidt.org\/de\/wp-json\/wp\/v2\/users\/4"}],"replies":[{"embeddable":true,"href":"https:\/\/www.fundatia-michael-schmidt.org\/de\/wp-json\/wp\/v2\/comments?post=4476"}],"version-history":[{"count":3,"href":"https:\/\/www.fundatia-michael-schmidt.org\/de\/wp-json\/wp\/v2\/pages\/4476\/revisions"}],"predecessor-version":[{"id":4488,"href":"https:\/\/www.fundatia-michael-schmidt.org\/de\/wp-json\/wp\/v2\/pages\/4476\/revisions\/4488"}],"wp:attachment":[{"href":"https:\/\/www.fundatia-michael-schmidt.org\/de\/wp-json\/wp\/v2\/media?parent=4476"}],"curies":[{"name":"wp","href":"https:\/\/api.w.org\/{rel}","templated":true}]}}