{"id":3822,"date":"2021-07-04T14:29:42","date_gmt":"2021-07-04T14:29:42","guid":{"rendered":"https:\/\/fundatia-mvschmidt.org\/media\/"},"modified":"2022-02-24T22:30:25","modified_gmt":"2022-02-24T22:30:25","slug":"media","status":"publish","type":"page","link":"https:\/\/www.fundatia-michael-schmidt.org\/de\/media\/","title":{"rendered":"Media"},"content":{"rendered":"\t\t<div data-elementor-type=\"wp-page\" data-elementor-id=\"3822\" class=\"elementor elementor-3822 elementor-3305\" data-elementor-settings=\"[]\">\n\t\t\t\t\t\t\t<div class=\"elementor-section-wrap\">\n\t\t\t\t\t\t\t<section class=\"elementor-section elementor-top-section elementor-element elementor-element-ee5d974 elementor-section-boxed elementor-section-height-default elementor-section-height-default\" data-id=\"ee5d974\" data-element_type=\"section\">\n\t\t\t\t\t\t<div class=\"elementor-container elementor-column-gap-default\">\n\t\t\t\t\t<div class=\"elementor-column elementor-col-25 elementor-top-column elementor-element elementor-element-37dd65f\" data-id=\"37dd65f\" data-element_type=\"column\">\n\t\t\t<div class=\"elementor-widget-wrap elementor-element-populated\">\n\t\t\t\t\t\t\t\t<div class=\"elementor-element elementor-element-b3c8f8b elementor-aspect-ratio-169 elementor-widget elementor-widget-video\" data-id=\"b3c8f8b\" data-element_type=\"widget\" data-settings=\"{&quot;youtube_url&quot;:&quot;https:\\\/\\\/youtu.be\\\/ZeTNT2LhFbQ&quot;,&quot;video_type&quot;:&quot;youtube&quot;,&quot;controls&quot;:&quot;yes&quot;,&quot;aspect_ratio&quot;:&quot;169&quot;}\" data-widget_type=\"video.default\">\n\t\t\t\t<div class=\"elementor-widget-container\">\n\t\t\t\t\t<div class=\"elementor-wrapper elementor-fit-aspect-ratio elementor-open-inline\">\n\t\t\t<div class=\"elementor-video\"><\/div>\t\t<\/div>\n\t\t\t\t<\/div>\n\t\t\t\t<\/div>\n\t\t\t\t\t<\/div>\n\t\t<\/div>\n\t\t\t\t<div class=\"elementor-column elementor-col-25 elementor-top-column elementor-element elementor-element-caa5254\" data-id=\"caa5254\" data-element_type=\"column\">\n\t\t\t<div class=\"elementor-widget-wrap elementor-element-populated\">\n\t\t\t\t\t\t\t\t<div class=\"elementor-element elementor-element-953c3c6 elementor-aspect-ratio-169 elementor-widget elementor-widget-video\" data-id=\"953c3c6\" data-element_type=\"widget\" data-settings=\"{&quot;youtube_url&quot;:&quot;https:\\\/\\\/youtu.be\\\/zdak3pvYbbM&quot;,&quot;video_type&quot;:&quot;youtube&quot;,&quot;controls&quot;:&quot;yes&quot;,&quot;aspect_ratio&quot;:&quot;169&quot;}\" data-widget_type=\"video.default\">\n\t\t\t\t<div class=\"elementor-widget-container\">\n\t\t\t\t\t<div class=\"elementor-wrapper elementor-fit-aspect-ratio elementor-open-inline\">\n\t\t\t<div class=\"elementor-video\"><\/div>\t\t<\/div>\n\t\t\t\t<\/div>\n\t\t\t\t<\/div>\n\t\t\t\t\t<\/div>\n\t\t<\/div>\n\t\t\t\t<div class=\"elementor-column elementor-col-25 elementor-top-column elementor-element elementor-element-8f13f19\" data-id=\"8f13f19\" data-element_type=\"column\">\n\t\t\t<div class=\"elementor-widget-wrap elementor-element-populated\">\n\t\t\t\t\t\t\t\t<div class=\"elementor-element elementor-element-8ed4272 elementor-aspect-ratio-169 elementor-widget elementor-widget-video\" data-id=\"8ed4272\" data-element_type=\"widget\" data-settings=\"{&quot;youtube_url&quot;:&quot;https:\\\/\\\/www.youtube.com\\\/watch?v=6PvATtVj3TE&quot;,&quot;video_type&quot;:&quot;youtube&quot;,&quot;controls&quot;:&quot;yes&quot;,&quot;aspect_ratio&quot;:&quot;169&quot;}\" data-widget_type=\"video.default\">\n\t\t\t\t<div class=\"elementor-widget-container\">\n\t\t\t\t\t<div class=\"elementor-wrapper elementor-fit-aspect-ratio elementor-open-inline\">\n\t\t\t<div class=\"elementor-video\"><\/div>\t\t<\/div>\n\t\t\t\t<\/div>\n\t\t\t\t<\/div>\n\t\t\t\t\t<\/div>\n\t\t<\/div>\n\t\t\t\t<div class=\"elementor-column elementor-col-25 elementor-top-column elementor-element elementor-element-a464a5a\" data-id=\"a464a5a\" data-element_type=\"column\">\n\t\t\t<div class=\"elementor-widget-wrap elementor-element-populated\">\n\t\t\t\t\t\t\t\t<div class=\"elementor-element elementor-element-6dfe9b0 elementor-aspect-ratio-169 elementor-widget elementor-widget-video\" data-id=\"6dfe9b0\" data-element_type=\"widget\" data-settings=\"{&quot;youtube_url&quot;:&quot;https:\\\/\\\/www.youtube.com\\\/watch?v=BlL5m_dVt_I&quot;,&quot;video_type&quot;:&quot;youtube&quot;,&quot;controls&quot;:&quot;yes&quot;,&quot;aspect_ratio&quot;:&quot;169&quot;}\" data-widget_type=\"video.default\">\n\t\t\t\t<div class=\"elementor-widget-container\">\n\t\t\t\t\t<div class=\"elementor-wrapper elementor-fit-aspect-ratio elementor-open-inline\">\n\t\t\t<div class=\"elementor-video\"><\/div>\t\t<\/div>\n\t\t\t\t<\/div>\n\t\t\t\t<\/div>\n\t\t\t\t\t<\/div>\n\t\t<\/div>\n\t\t\t\t\t\t\t<\/div>\n\t\t<\/section>\n\t\t\t\t<section class=\"elementor-section elementor-top-section elementor-element elementor-element-19b3507 elementor-section-boxed elementor-section-height-default elementor-section-height-default\" data-id=\"19b3507\" data-element_type=\"section\">\n\t\t\t\t\t\t<div class=\"elementor-container elementor-column-gap-default\">\n\t\t\t\t\t<div class=\"elementor-column elementor-col-25 elementor-top-column elementor-element elementor-element-68fd3e5\" data-id=\"68fd3e5\" data-element_type=\"column\">\n\t\t\t<div class=\"elementor-widget-wrap elementor-element-populated\">\n\t\t\t\t\t\t\t\t<div class=\"elementor-element elementor-element-4f64d7c elementor-aspect-ratio-169 elementor-widget elementor-widget-video\" data-id=\"4f64d7c\" data-element_type=\"widget\" data-settings=\"{&quot;youtube_url&quot;:&quot;https:\\\/\\\/www.youtube.com\\\/watch?v=Io3Sooxa0OI&quot;,&quot;video_type&quot;:&quot;youtube&quot;,&quot;controls&quot;:&quot;yes&quot;,&quot;aspect_ratio&quot;:&quot;169&quot;}\" data-widget_type=\"video.default\">\n\t\t\t\t<div class=\"elementor-widget-container\">\n\t\t\t\t\t<div class=\"elementor-wrapper elementor-fit-aspect-ratio elementor-open-inline\">\n\t\t\t<div class=\"elementor-video\"><\/div>\t\t<\/div>\n\t\t\t\t<\/div>\n\t\t\t\t<\/div>\n\t\t\t\t\t<\/div>\n\t\t<\/div>\n\t\t\t\t<div class=\"elementor-column elementor-col-25 elementor-top-column elementor-element elementor-element-ffce750\" data-id=\"ffce750\" data-element_type=\"column\">\n\t\t\t<div class=\"elementor-widget-wrap elementor-element-populated\">\n\t\t\t\t\t\t\t\t<div class=\"elementor-element elementor-element-e202740 elementor-aspect-ratio-169 elementor-widget elementor-widget-video\" data-id=\"e202740\" data-element_type=\"widget\" data-settings=\"{&quot;youtube_url&quot;:&quot;https:\\\/\\\/www.youtube.com\\\/watch?v=NLZR8y6UgCE&quot;,&quot;video_type&quot;:&quot;youtube&quot;,&quot;controls&quot;:&quot;yes&quot;,&quot;aspect_ratio&quot;:&quot;169&quot;}\" data-widget_type=\"video.default\">\n\t\t\t\t<div class=\"elementor-widget-container\">\n\t\t\t\t\t<div class=\"elementor-wrapper elementor-fit-aspect-ratio elementor-open-inline\">\n\t\t\t<div class=\"elementor-video\"><\/div>\t\t<\/div>\n\t\t\t\t<\/div>\n\t\t\t\t<\/div>\n\t\t\t\t\t<\/div>\n\t\t<\/div>\n\t\t\t\t<div class=\"elementor-column elementor-col-25 elementor-top-column elementor-element elementor-element-d6a2a4a\" data-id=\"d6a2a4a\" data-element_type=\"column\">\n\t\t\t<div class=\"elementor-widget-wrap elementor-element-populated\">\n\t\t\t\t\t\t\t\t<div class=\"elementor-element elementor-element-f3a0928 elementor-aspect-ratio-169 elementor-widget elementor-widget-video\" data-id=\"f3a0928\" data-element_type=\"widget\" data-settings=\"{&quot;youtube_url&quot;:&quot;https:\\\/\\\/www.youtube.com\\\/watch?v=XVv_xqmrOnM&quot;,&quot;video_type&quot;:&quot;youtube&quot;,&quot;controls&quot;:&quot;yes&quot;,&quot;aspect_ratio&quot;:&quot;169&quot;}\" data-widget_type=\"video.default\">\n\t\t\t\t<div class=\"elementor-widget-container\">\n\t\t\t\t\t<div class=\"elementor-wrapper elementor-fit-aspect-ratio elementor-open-inline\">\n\t\t\t<div class=\"elementor-video\"><\/div>\t\t<\/div>\n\t\t\t\t<\/div>\n\t\t\t\t<\/div>\n\t\t\t\t\t<\/div>\n\t\t<\/div>\n\t\t\t\t<div class=\"elementor-column elementor-col-25 elementor-top-column elementor-element elementor-element-7368861\" data-id=\"7368861\" data-element_type=\"column\">\n\t\t\t<div class=\"elementor-widget-wrap elementor-element-populated\">\n\t\t\t\t\t\t\t\t<div class=\"elementor-element elementor-element-c491437 elementor-aspect-ratio-169 elementor-widget elementor-widget-video\" data-id=\"c491437\" data-element_type=\"widget\" data-settings=\"{&quot;youtube_url&quot;:&quot;https:\\\/\\\/www.youtube.com\\\/watch?v=yVrozTYzoPs&quot;,&quot;video_type&quot;:&quot;youtube&quot;,&quot;controls&quot;:&quot;yes&quot;,&quot;aspect_ratio&quot;:&quot;169&quot;}\" data-widget_type=\"video.default\">\n\t\t\t\t<div class=\"elementor-widget-container\">\n\t\t\t\t\t<div class=\"elementor-wrapper elementor-fit-aspect-ratio elementor-open-inline\">\n\t\t\t<div class=\"elementor-video\"><\/div>\t\t<\/div>\n\t\t\t\t<\/div>\n\t\t\t\t<\/div>\n\t\t\t\t\t<\/div>\n\t\t<\/div>\n\t\t\t\t\t\t\t<\/div>\n\t\t<\/section>\n\t\t\t\t\t\t<\/div>\n\t\t\t\t\t<\/div>\n\t\t","protected":false},"excerpt":{"rendered":"","protected":false},"author":1,"featured_media":3762,"parent":0,"menu_order":0,"comment_status":"closed","ping_status":"closed","template":"elementor_header_footer","meta":{"spay_email":""},"yoast_head":"<!-- This site is optimized with the Yoast SEO plugin v18.2 - https:\/\/yoast.com\/wordpress\/plugins\/seo\/ -->\n<title>Media | Fundatia Michael Schmidt<\/title>\n<meta name=\"robots\" content=\"index, follow, max-snippet:-1, max-image-preview:large, max-video-preview:-1\" \/>\n<link rel=\"canonical\" href=\"https:\/\/www.fundatia-michael-schmidt.org\/de\/media\/\" \/>\n<meta property=\"og:locale\" content=\"de_DE\" \/>\n<meta property=\"og:type\" content=\"article\" \/>\n<meta property=\"og:title\" content=\"Media | Fundatia Michael Schmidt\" \/>\n<meta property=\"og:url\" content=\"https:\/\/www.fundatia-michael-schmidt.org\/de\/media\/\" \/>\n<meta property=\"og:site_name\" content=\"Fundatia Michael Schmidt\" \/>\n<meta property=\"article:modified_time\" content=\"2022-02-24T22:30:25+00:00\" \/>\n<meta property=\"og:image\" content=\"https:\/\/www.fundatia-michael-schmidt.org\/wp-content\/uploads\/2021\/07\/Dna-Veronica-Schmidt-Vicepretedinte-Fundatia-MV-Schmidt-si-dl-Michael-Schmidt-Presedinte-Fundatia-MV-Schmidt-4.jpg\" \/>\n\t<meta property=\"og:image:width\" content=\"823\" \/>\n\t<meta property=\"og:image:height\" content=\"1178\" \/>\n\t<meta property=\"og:image:type\" content=\"image\/jpeg\" \/>\n<meta name=\"twitter:card\" content=\"summary\" \/>\n<script type=\"application\/ld+json\" class=\"yoast-schema-graph\">{\"@context\":\"https:\/\/schema.org\",\"@graph\":[{\"@type\":\"WebSite\",\"@id\":\"https:\/\/www.fundatia-michael-schmidt.org\/#website\",\"url\":\"https:\/\/www.fundatia-michael-schmidt.org\/\",\"name\":\"Fundatia Michael Schmidt\",\"description\":\"\",\"potentialAction\":[{\"@type\":\"SearchAction\",\"target\":{\"@type\":\"EntryPoint\",\"urlTemplate\":\"https:\/\/www.fundatia-michael-schmidt.org\/?s={search_term_string}\"},\"query-input\":\"required name=search_term_string\"}],\"inLanguage\":\"de\"},{\"@type\":\"ImageObject\",\"@id\":\"https:\/\/www.fundatia-michael-schmidt.org\/de\/media\/#primaryimage\",\"inLanguage\":\"de\",\"url\":\"https:\/\/www.fundatia-michael-schmidt.org\/wp-content\/uploads\/2021\/07\/Dna-Veronica-Schmidt-Vicepretedinte-Fundatia-MV-Schmidt-si-dl-Michael-Schmidt-Presedinte-Fundatia-MV-Schmidt-4.jpg\",\"contentUrl\":\"https:\/\/www.fundatia-michael-schmidt.org\/wp-content\/uploads\/2021\/07\/Dna-Veronica-Schmidt-Vicepretedinte-Fundatia-MV-Schmidt-si-dl-Michael-Schmidt-Presedinte-Fundatia-MV-Schmidt-4.jpg\",\"width\":823,\"height\":1178},{\"@type\":\"WebPage\",\"@id\":\"https:\/\/www.fundatia-michael-schmidt.org\/de\/media\/#webpage\",\"url\":\"https:\/\/www.fundatia-michael-schmidt.org\/de\/media\/\",\"name\":\"Media | Fundatia Michael Schmidt\",\"isPartOf\":{\"@id\":\"https:\/\/www.fundatia-michael-schmidt.org\/#website\"},\"primaryImageOfPage\":{\"@id\":\"https:\/\/www.fundatia-michael-schmidt.org\/de\/media\/#primaryimage\"},\"datePublished\":\"2021-07-04T14:29:42+00:00\",\"dateModified\":\"2022-02-24T22:30:25+00:00\",\"breadcrumb\":{\"@id\":\"https:\/\/www.fundatia-michael-schmidt.org\/de\/media\/#breadcrumb\"},\"inLanguage\":\"de\",\"potentialAction\":[{\"@type\":\"ReadAction\",\"target\":[\"https:\/\/www.fundatia-michael-schmidt.org\/de\/media\/\"]}]},{\"@type\":\"BreadcrumbList\",\"@id\":\"https:\/\/www.fundatia-michael-schmidt.org\/de\/media\/#breadcrumb\",\"itemListElement\":[{\"@type\":\"ListItem\",\"position\":1,\"name\":\"Home\",\"item\":\"https:\/\/www.fundatia-michael-schmidt.org\/de\/\"},{\"@type\":\"ListItem\",\"position\":2,\"name\":\"Media\"}]}]}<\/script>\n<!-- \/ Yoast SEO plugin. -->","yoast_head_json":{"title":"Media | Fundatia Michael Schmidt","robots":{"index":"index","follow":"follow","max-snippet":"max-snippet:-1","max-image-preview":"max-image-preview:large","max-video-preview":"max-video-preview:-1"},"canonical":"https:\/\/www.fundatia-michael-schmidt.org\/de\/media\/","og_locale":"de_DE","og_type":"article","og_title":"Media | Fundatia Michael Schmidt","og_url":"https:\/\/www.fundatia-michael-schmidt.org\/de\/media\/","og_site_name":"Fundatia Michael Schmidt","article_modified_time":"2022-02-24T22:30:25+00:00","og_image":[{"width":823,"height":1178,"url":"https:\/\/www.fundatia-michael-schmidt.org\/wp-content\/uploads\/2021\/07\/Dna-Veronica-Schmidt-Vicepretedinte-Fundatia-MV-Schmidt-si-dl-Michael-Schmidt-Presedinte-Fundatia-MV-Schmidt-4.jpg","type":"image\/jpeg"}],"twitter_card":"summary","schema":{"@context":"https:\/\/schema.org","@graph":[{"@type":"WebSite","@id":"https:\/\/www.fundatia-michael-schmidt.org\/#website","url":"https:\/\/www.fundatia-michael-schmidt.org\/","name":"Fundatia Michael Schmidt","description":"","potentialAction":[{"@type":"SearchAction","target":{"@type":"EntryPoint","urlTemplate":"https:\/\/www.fundatia-michael-schmidt.org\/?s={search_term_string}"},"query-input":"required name=search_term_string"}],"inLanguage":"de"},{"@type":"ImageObject","@id":"https:\/\/www.fundatia-michael-schmidt.org\/de\/media\/#primaryimage","inLanguage":"de","url":"https:\/\/www.fundatia-michael-schmidt.org\/wp-content\/uploads\/2021\/07\/Dna-Veronica-Schmidt-Vicepretedinte-Fundatia-MV-Schmidt-si-dl-Michael-Schmidt-Presedinte-Fundatia-MV-Schmidt-4.jpg","contentUrl":"https:\/\/www.fundatia-michael-schmidt.org\/wp-content\/uploads\/2021\/07\/Dna-Veronica-Schmidt-Vicepretedinte-Fundatia-MV-Schmidt-si-dl-Michael-Schmidt-Presedinte-Fundatia-MV-Schmidt-4.jpg","width":823,"height":1178},{"@type":"WebPage","@id":"https:\/\/www.fundatia-michael-schmidt.org\/de\/media\/#webpage","url":"https:\/\/www.fundatia-michael-schmidt.org\/de\/media\/","name":"Media | Fundatia Michael Schmidt","isPartOf":{"@id":"https:\/\/www.fundatia-michael-schmidt.org\/#website"},"primaryImageOfPage":{"@id":"https:\/\/www.fundatia-michael-schmidt.org\/de\/media\/#primaryimage"},"datePublished":"2021-07-04T14:29:42+00:00","dateModified":"2022-02-24T22:30:25+00:00","breadcrumb":{"@id":"https:\/\/www.fundatia-michael-schmidt.org\/de\/media\/#breadcrumb"},"inLanguage":"de","potentialAction":[{"@type":"ReadAction","target":["https:\/\/www.fundatia-michael-schmidt.org\/de\/media\/"]}]},{"@type":"BreadcrumbList","@id":"https:\/\/www.fundatia-michael-schmidt.org\/de\/media\/#breadcrumb","itemListElement":[{"@type":"ListItem","position":1,"name":"Home","item":"https:\/\/www.fundatia-michael-schmidt.org\/de\/"},{"@type":"ListItem","position":2,"name":"Media"}]}]}},"jetpack_sharing_enabled":true,"jetpack_shortlink":"https:\/\/wp.me\/P7wrmh-ZE","jetpack-related-posts":[{"id":3305,"url":"https:\/\/www.fundatia-michael-schmidt.org\/media\/","url_meta":{"origin":3822,"position":0},"title":"Nout\u0103\u021bi","date":"Juli 4, 2021","format":false,"excerpt":"https:\/\/youtu.be\/ZeTNT2LhFbQhttps:\/\/youtu.be\/zdak3pvYbbMhttps:\/\/www.youtube.com\/watch?v=6PvATtVj3TEhttps:\/\/www.youtube.com\/watch?v=BlL5m_dVt_Ihttps:\/\/www.youtube.com\/watch?v=Io3Sooxa0OIhttps:\/\/www.youtube.com\/watch?v=NLZR8y6UgCEhttps:\/\/www.youtube.com\/watch?v=XVv_xqmrOnMhttps:\/\/www.youtube.com\/watch?v=yVrozTYzoPs","rel":"","context":"\u00c4hnlicher Beitrag","img":{"alt_text":"","src":"https:\/\/i0.wp.com\/www.fundatia-michael-schmidt.org\/wp-content\/uploads\/2021\/07\/Dna-Veronica-Schmidt-Vicepretedinte-Fundatia-MV-Schmidt-si-dl-Michael-Schmidt-Presedinte-Fundatia-MV-Schmidt-4.jpg?resize=350%2C200&ssl=1","width":350,"height":200},"classes":[]},{"id":5316,"url":"https:\/\/www.fundatia-michael-schmidt.org\/politica-de-confidentialitate\/","url_meta":{"origin":3822,"position":1},"title":"Politica de confiden\u021bialitate privind prelucrarea datelor cu caracter personal efectuat\u0103 de c\u0103tre fundatia M&#038;V SCHMIDT","date":"April 15, 2024","format":false,"excerpt":"Politica de confidentialiate privind prelucrarea datelor cu caracter personal efectuat\u0103 de c\u0103tre fundatia M&V SCHMIDT \u00a0 FUNDATIA M&V SCHMIDT, cu sediul \u00een B-dul Primaverii, Nr. 33, Ap. 7, sector 1, Bucuresti, cod postal 013685, tel. +40755545029, email: office@fundatia-michael-schmidt.org, v\u0103 informeaz\u0103 prin prezenta despre prelucrarea datelor dumneavoastr\u0103 personale \u0219i drepturile pe\u2026","rel":"","context":"\u00c4hnlicher Beitrag","img":{"alt_text":"","src":"","width":0,"height":0},"classes":[]},{"id":11,"url":"https:\/\/www.fundatia-michael-schmidt.org\/despre-noi\/","url_meta":{"origin":3822,"position":2},"title":"Despre noi","date":"Mai 9, 2016","format":false,"excerpt":"Dac\u0103 ai ajuns aici, \u00eenseamn\u0103 c\u0103 \u00ee\u021bi dore\u0219ti s\u0103 te implici, la fel ca \u0219i noi. \u00cenainte s\u0103 \u00ee\u021bi spunem cum po\u021bi face asta, \u00ee\u021bi vom spune \u00eens\u0103 c\u00e2te ceva despre noi: Funda\u021bia Michael Schmidt este o organiza\u0163ie non-profit, \u00eenfiin\u021bat\u0103 \u00een anul 2010 de Michael Schmidt, Pre\u015fedintele MHS Holding, care\u2026","rel":"","context":"\u00c4hnlicher Beitrag","img":{"alt_text":"","src":"https:\/\/i0.wp.com\/www.fundatia-michael-schmidt.org\/wp-content\/uploads\/2016\/05\/ok.jpg?resize=350%2C200&ssl=1","width":350,"height":200},"classes":[]},{"id":622,"url":"https:\/\/www.fundatia-michael-schmidt.org\/cum-poti-sprijini-fundatia-simplu-si-usor\/","url_meta":{"origin":3822,"position":3},"title":"Cum po\u021bi sprijini funda\u021bia simplu \u0219i u\u0219or","date":"Januar 31, 2017","format":false,"excerpt":"Cum po\u021bi sprijini funda\u021bia simplu \u0219i u\u0219or Avem nevoie de sprijinul t\u0103u pentru a derula \u00een continuare proiectele fundatiei De ce conteaz\u0103 implicarea ta? Fiind o organiza\u021bie nonprofit, resursele financiare ale Funda\u0163iei Michael\u00a0 Schmidt sunt limitate, iar multe dintre activit\u0103\u021bile desf\u0103\u0219urate sunt realizate numai din sponsoriz\u0103ri sau dona\u021bii; Vei contribui\u2026","rel":"","context":"\u00c4hnlicher Beitrag","img":{"alt_text":"","src":"https:\/\/i0.wp.com\/www.fundatia-michael-schmidt.org\/wp-content\/uploads\/2017\/01\/Sectiune-Cum-poti-sprijini-fundatia.jpg?resize=350%2C200&ssl=1","width":350,"height":200},"classes":[]},{"id":65,"url":"https:\/\/www.fundatia-michael-schmidt.org\/diversitatea\/","url_meta":{"origin":3822,"position":4},"title":"Cooperarea rom\u00e2no-german\u0103","date":"Mai 10, 2016","format":false,"excerpt":"Funda\u0163ia Michael Schmidt sus\u021bine co-existen\u021ba armonioas\u0103 a mai multor culturi \u00een acela\u0219i spa\u021biu, baz\u00e2ndu-ne pe istoria care \u00eei leag\u0103 pe etnicii germani de rom\u00e2ni. Timp de sute de ani au tr\u0103it \u00een armonie, chiar mai mult, au \u00eemprumutat unii de al\u021bii tradi\u021bii \u0219i obiceiuri, a\u0219a c\u0103 exemplul lor nu poate\u2026","rel":"","context":"\u00c4hnlicher Beitrag","img":{"alt_text":"","src":"https:\/\/i0.wp.com\/www.fundatia-michael-schmidt.org\/wp-content\/uploads\/2016\/05\/sectiunea-valorile-noastre-diversitate.jpg?resize=350%2C200&ssl=1","width":350,"height":200},"classes":[]},{"id":59,"url":"https:\/\/www.fundatia-michael-schmidt.org\/despre-noi\/consiliul-director\/","url_meta":{"origin":3822,"position":5},"title":"Consiliul Director","date":"Mai 10, 2016","format":false,"excerpt":"Consiliul Director Consiliul Director al Funda\u021biei Michael Schmidt este compus din: Michael Schmidt \u2013 Fondator \u015fi Pre\u015fedinte De-a lungul celor peste 30 de ani de activitate,\u00a0Michael Schmidt\u00a0a primit numeroase\u00a0distinc\u021bii\u00a0importante, dintre care amintim: 2022 Asocia\u021bia Sa\u0219ilor Transilv\u0103neni din Germania i-a acordat distinc\u021bia\u00a0Stephan-Ludwig Roth, medalia fiind extrem de valoroas\u0103 pentru angajamentul constant\u2026","rel":"","context":"\u00c4hnlicher Beitrag","img":{"alt_text":"","src":"https:\/\/i0.wp.com\/fundatia-mvschmidt.org\/wp-content\/uploads\/2023\/05\/2015_Michael-Schmidt-Presedintele-Fundatiei-M-V-Schmidt-E.S.-Werner-Lauk-fost-ambasador-al-Republicii-Federale-Germani-300x200.jpg?resize=350%2C200&ssl=1","width":350,"height":200},"classes":[]}],"_links":{"self":[{"href":"https:\/\/www.fundatia-michael-schmidt.org\/de\/wp-json\/wp\/v2\/pages\/3822"}],"collection":[{"href":"https:\/\/www.fundatia-michael-schmidt.org\/de\/wp-json\/wp\/v2\/pages"}],"about":[{"href":"https:\/\/www.fundatia-michael-schmidt.org\/de\/wp-json\/wp\/v2\/types\/page"}],"author":[{"embeddable":true,"href":"https:\/\/www.fundatia-michael-schmidt.org\/de\/wp-json\/wp\/v2\/users\/1"}],"replies":[{"embeddable":true,"href":"https:\/\/www.fundatia-michael-schmidt.org\/de\/wp-json\/wp\/v2\/comments?post=3822"}],"version-history":[{"count":2,"href":"https:\/\/www.fundatia-michael-schmidt.org\/de\/wp-json\/wp\/v2\/pages\/3822\/revisions"}],"predecessor-version":[{"id":3824,"href":"https:\/\/www.fundatia-michael-schmidt.org\/de\/wp-json\/wp\/v2\/pages\/3822\/revisions\/3824"}],"wp:featuredmedia":[{"embeddable":true,"href":"https:\/\/www.fundatia-michael-schmidt.org\/de\/wp-json\/wp\/v2\/media\/3762"}],"wp:attachment":[{"href":"https:\/\/www.fundatia-michael-schmidt.org\/de\/wp-json\/wp\/v2\/media?parent=3822"}],"curies":[{"name":"wp","href":"https:\/\/api.w.org\/{rel}","templated":true}]}}