{"id":3460,"date":"2016-10-03T17:08:48","date_gmt":"2016-10-03T17:08:48","guid":{"rendered":"https:\/\/fundatia-mvschmidt.org\/postkarten-auf-den-spuren-der-siebenburger-sachsen\/"},"modified":"2016-10-03T17:08:48","modified_gmt":"2016-10-03T17:08:48","slug":"postkarten-auf-den-spuren-der-siebenburger-sachsen","status":"publish","type":"page","link":"https:\/\/www.fundatia-michael-schmidt.org\/de\/postkarten-auf-den-spuren-der-siebenburger-sachsen\/","title":{"rendered":"Postkarten &#8222;Auf den Spuren der Siebenb\u00fcrger-Sachsen&#8220;"},"content":{"rendered":"<p style=\"text-align: justify;\"><img loading=\"lazy\" class=\"alignleft size-medium wp-image-480\" src=\"http:\/\/www.fundatia-michael-schmidt.org\/wp-content\/uploads\/2016\/10\/Carti-postale-212x300.png\" alt=\"carti-postale\" width=\"212\" height=\"300\" srcset=\"https:\/\/www.fundatia-michael-schmidt.org\/wp-content\/uploads\/2016\/10\/Carti-postale-212x300.png 212w, https:\/\/www.fundatia-michael-schmidt.org\/wp-content\/uploads\/2016\/10\/Carti-postale.png 410w\" sizes=\"(max-width: 212px) 100vw, 212px\" \/>Diese 45 Postkarten aus der Fotokollektion \u201eAuf den Spuren der Siebenb\u00fcrger-Sachsen\u201c sind Teil eines umfangreichen Projektes, mit dem Ziel eine der wichtigsten Kulturen einer Bev\u00f6lkerungsminderheit aus Rum\u00e4nien (wieder) zu entdecken &amp; ihrer vor \u00fcber 800 Jahren beginnenden Erz\u00e4hlung zu folgen.<\/p>\n<p style=\"text-align: justify;\">F\u00fcr die erste Postkartenserie haben wir das Haferland und die Stadt Sch\u00e4\u00dfburg\u00a0ausgew\u00e4hlt. Die St\u00e4dte, beziehungsweise Gemeinden, welche in der Postkartenkollektion zu entdecken sind, lauten: Sch\u00e4\u00dfburg, Deutsch-Kreuz, Malmkrog, Reps, Meschendorf, Klosdorf, Keisd, Radeln, Bodendorf und Deutsch-Wei\u00dfkirch.<\/p>\n<p style=\"text-align: justify;\">Zu sehen sind verschiedene Motive, wie beispielsweise Kanzeln, Gem\u00e4lde und Altare der Kirchen, sowie die Dorfbewohner und ihre H\u00e4userfassaden, als auch die allgemeine Architektur. In Siebenb\u00fcrgen gibt es mit \u00fcber 150 Kirchenburgen eine beispiellose Ansammlung, wie sie sonst nirgends in der Welt zu finden ist. Die Kirchenburgen zeichnen sich durch ihre einmalige Vielfalt aus, denn jede Einzelne ist einzigartig in ihrer Architektur, historischen Funktion und Ausf\u00fchrung.<\/p>\n<h1 lang=\"ro-RO\">Jetzt bestellen:<\/h1>\n<ul>\n<li>Die Postkarten &#8222;Auf den Spuren der Siebenb\u00fcrger-Sachsen&#8220; &#8211; 45 RON\u00a0\/ 10 EURO<\/li>\n<li>Barzahlung bei Lieferung<\/li>\n<li>Versandkosten:\u00a0Die Versandkosten werden in der Bestellbest\u00e4tigung angek\u00fcndigt.<\/li>\n<\/ul>\n<p style=\"text-align: justify;\"><div role=\"form\" class=\"wpcf7\" id=\"wpcf7-f511-o1\" lang=\"ro-RO\" dir=\"ltr\">\n<div class=\"screen-reader-response\"><p role=\"status\" aria-live=\"polite\" aria-atomic=\"true\"><\/p> <ul><\/ul><\/div>\n<form action=\"\/de\/wp-json\/wp\/v2\/pages\/3460#wpcf7-f511-o1\" method=\"post\" class=\"wpcf7-form init\" novalidate=\"novalidate\" data-status=\"init\">\n<div style=\"display: none;\">\n<input type=\"hidden\" name=\"_wpcf7\" value=\"511\" \/>\n<input type=\"hidden\" name=\"_wpcf7_version\" value=\"5.5.6\" \/>\n<input type=\"hidden\" name=\"_wpcf7_locale\" value=\"ro_RO\" \/>\n<input type=\"hidden\" name=\"_wpcf7_unit_tag\" value=\"wpcf7-f511-o1\" \/>\n<input type=\"hidden\" name=\"_wpcf7_container_post\" value=\"0\" \/>\n<input type=\"hidden\" name=\"_wpcf7_posted_data_hash\" value=\"\" \/>\n<\/div>\n<p>Name *<br \/>\n    <span class=\"wpcf7-form-control-wrap nume\"><input type=\"text\" name=\"nume\" value=\"\" size=\"40\" class=\"wpcf7-form-control wpcf7-text wpcf7-validates-as-required\" aria-required=\"true\" aria-invalid=\"false\" \/><\/span> <\/p>\n<p>Vorname *<br \/>\n    <span class=\"wpcf7-form-control-wrap prenume\"><input type=\"text\" name=\"prenume\" value=\"\" size=\"40\" class=\"wpcf7-form-control wpcf7-text wpcf7-validates-as-required\" aria-required=\"true\" aria-invalid=\"false\" \/><\/span> <\/p>\n<p>E-Mail-Adresse *<br \/>\n    <span class=\"wpcf7-form-control-wrap email\"><input type=\"email\" name=\"email\" value=\"\" size=\"40\" class=\"wpcf7-form-control wpcf7-text wpcf7-email wpcf7-validates-as-required wpcf7-validates-as-email\" aria-required=\"true\" aria-invalid=\"false\" \/><\/span> <\/p>\n<p>Rufnummer *<br \/>\n    <span class=\"wpcf7-form-control-wrap telefon\"><input type=\"text\" name=\"telefon\" value=\"\" size=\"40\" class=\"wpcf7-form-control wpcf7-text wpcf7-validates-as-required\" aria-required=\"true\" aria-invalid=\"false\" \/><\/span> <\/p>\n<p>Versandadresse *<br \/>\n    <span class=\"wpcf7-form-control-wrap adresa-expeditie\"><textarea name=\"adresa-expeditie\" cols=\"40\" rows=\"10\" class=\"wpcf7-form-control wpcf7-textarea wpcf7-validates-as-required\" aria-required=\"true\" aria-invalid=\"false\"><\/textarea><\/span> <\/p>\n<p>Menge *<br \/>\n    <span class=\"wpcf7-form-control-wrap numar-bucati\"><input type=\"number\" name=\"numar-bucati\" value=\"1\" class=\"wpcf7-form-control wpcf7-number wpcf7-validates-as-required wpcf7-validates-as-number\" min=\"1\" max=\"100\" aria-required=\"true\" aria-invalid=\"false\" \/><\/span> <\/p>\n<p>[recaptcha]<\/p>\n<p><input type=\"submit\" value=\"Bestellen\" class=\"wpcf7-form-control has-spinner wpcf7-submit\" \/><\/p>\n<p style=\"display: none !important;\"><label>&#916;<textarea name=\"_wpcf7_ak_hp_textarea\" cols=\"45\" rows=\"8\" maxlength=\"100\"><\/textarea><\/label><input type=\"hidden\" id=\"ak_js_1\" name=\"_wpcf7_ak_js\" value=\"243\"\/><script>document.getElementById( \"ak_js_1\" ).setAttribute( \"value\", ( new Date() ).getTime() );<\/script><\/p><div class=\"wpcf7-response-output\" aria-hidden=\"true\"><\/div><\/form><\/div><\/p>\n<p>&nbsp;<\/p>\n","protected":false},"excerpt":{"rendered":"<p>Diese 45 Postkarten aus der Fotokollektion \u201eAuf den Spuren der Siebenb\u00fcrger-Sachsen\u201c sind Teil eines umfangreichen Projektes, mit dem Ziel eine der wichtigsten Kulturen einer Bev\u00f6lkerungsminderheit aus Rum\u00e4nien (wieder) zu entdecken &amp; ihrer vor \u00fcber 800 Jahren beginnenden Erz\u00e4hlung zu folgen. F\u00fcr die erste Postkartenserie haben wir das Haferland und die Stadt Sch\u00e4\u00dfburg\u00a0ausgew\u00e4hlt. Die St\u00e4dte, beziehungsweise <a class=\"more-link\" href=\"https:\/\/www.fundatia-michael-schmidt.org\/de\/postkarten-auf-den-spuren-der-siebenburger-sachsen\/\">[&#8230;]<\/a><\/p>\n","protected":false},"author":1,"featured_media":0,"parent":0,"menu_order":0,"comment_status":"closed","ping_status":"closed","template":"","meta":{"spay_email":""},"yoast_head":"<!-- This site is optimized with the Yoast SEO plugin v18.2 - https:\/\/yoast.com\/wordpress\/plugins\/seo\/ -->\n<title>Postkarten &quot;Auf den Spuren der Siebenb\u00fcrger-Sachsen&quot; | Fundatia Michael Schmidt<\/title>\n<meta name=\"robots\" content=\"index, follow, max-snippet:-1, max-image-preview:large, max-video-preview:-1\" \/>\n<link rel=\"canonical\" href=\"https:\/\/www.fundatia-michael-schmidt.org\/de\/postkarten-auf-den-spuren-der-siebenburger-sachsen\/\" \/>\n<meta property=\"og:locale\" content=\"de_DE\" \/>\n<meta property=\"og:type\" content=\"article\" \/>\n<meta property=\"og:title\" content=\"Postkarten &quot;Auf den Spuren der Siebenb\u00fcrger-Sachsen&quot; | Fundatia Michael Schmidt\" \/>\n<meta property=\"og:description\" content=\"Diese 45 Postkarten aus der Fotokollektion \u201eAuf den Spuren der Siebenb\u00fcrger-Sachsen\u201c sind Teil eines umfangreichen Projektes, mit dem Ziel eine der wichtigsten Kulturen einer Bev\u00f6lkerungsminderheit aus Rum\u00e4nien (wieder) zu entdecken &amp; ihrer vor \u00fcber 800 Jahren beginnenden Erz\u00e4hlung zu folgen. F\u00fcr die erste Postkartenserie haben wir das Haferland und die Stadt Sch\u00e4\u00dfburg\u00a0ausgew\u00e4hlt. Die St\u00e4dte, beziehungsweise [...]\" \/>\n<meta property=\"og:url\" content=\"https:\/\/www.fundatia-michael-schmidt.org\/de\/postkarten-auf-den-spuren-der-siebenburger-sachsen\/\" \/>\n<meta property=\"og:site_name\" content=\"Fundatia Michael Schmidt\" \/>\n<meta property=\"og:image\" content=\"http:\/\/www.fundatia-michael-schmidt.org\/wp-content\/uploads\/2016\/10\/Carti-postale-212x300.png\" \/>\n<meta name=\"twitter:card\" content=\"summary\" \/>\n<meta name=\"twitter:label1\" content=\"Gesch\u00e4tzte Lesezeit\" \/>\n\t<meta name=\"twitter:data1\" content=\"1\u00a0Minute\" \/>\n<script type=\"application\/ld+json\" class=\"yoast-schema-graph\">{\"@context\":\"https:\/\/schema.org\",\"@graph\":[{\"@type\":\"WebSite\",\"@id\":\"https:\/\/www.fundatia-michael-schmidt.org\/#website\",\"url\":\"https:\/\/www.fundatia-michael-schmidt.org\/\",\"name\":\"Fundatia Michael Schmidt\",\"description\":\"\",\"potentialAction\":[{\"@type\":\"SearchAction\",\"target\":{\"@type\":\"EntryPoint\",\"urlTemplate\":\"https:\/\/www.fundatia-michael-schmidt.org\/?s={search_term_string}\"},\"query-input\":\"required name=search_term_string\"}],\"inLanguage\":\"de\"},{\"@type\":\"ImageObject\",\"@id\":\"https:\/\/www.fundatia-michael-schmidt.org\/de\/postkarten-auf-den-spuren-der-siebenburger-sachsen\/#primaryimage\",\"inLanguage\":\"de\",\"url\":\"http:\/\/www.fundatia-michael-schmidt.org\/wp-content\/uploads\/2016\/10\/Carti-postale-212x300.png\",\"contentUrl\":\"http:\/\/www.fundatia-michael-schmidt.org\/wp-content\/uploads\/2016\/10\/Carti-postale-212x300.png\"},{\"@type\":\"WebPage\",\"@id\":\"https:\/\/www.fundatia-michael-schmidt.org\/de\/postkarten-auf-den-spuren-der-siebenburger-sachsen\/#webpage\",\"url\":\"https:\/\/www.fundatia-michael-schmidt.org\/de\/postkarten-auf-den-spuren-der-siebenburger-sachsen\/\",\"name\":\"Postkarten \\\"Auf den Spuren der Siebenb\u00fcrger-Sachsen\\\" | Fundatia Michael Schmidt\",\"isPartOf\":{\"@id\":\"https:\/\/www.fundatia-michael-schmidt.org\/#website\"},\"primaryImageOfPage\":{\"@id\":\"https:\/\/www.fundatia-michael-schmidt.org\/de\/postkarten-auf-den-spuren-der-siebenburger-sachsen\/#primaryimage\"},\"datePublished\":\"2016-10-03T17:08:48+00:00\",\"dateModified\":\"2016-10-03T17:08:48+00:00\",\"breadcrumb\":{\"@id\":\"https:\/\/www.fundatia-michael-schmidt.org\/de\/postkarten-auf-den-spuren-der-siebenburger-sachsen\/#breadcrumb\"},\"inLanguage\":\"de\",\"potentialAction\":[{\"@type\":\"ReadAction\",\"target\":[\"https:\/\/www.fundatia-michael-schmidt.org\/de\/postkarten-auf-den-spuren-der-siebenburger-sachsen\/\"]}]},{\"@type\":\"BreadcrumbList\",\"@id\":\"https:\/\/www.fundatia-michael-schmidt.org\/de\/postkarten-auf-den-spuren-der-siebenburger-sachsen\/#breadcrumb\",\"itemListElement\":[{\"@type\":\"ListItem\",\"position\":1,\"name\":\"Home\",\"item\":\"https:\/\/www.fundatia-michael-schmidt.org\/de\/\"},{\"@type\":\"ListItem\",\"position\":2,\"name\":\"Postkarten &#8222;Auf den Spuren der Siebenb\u00fcrger-Sachsen&#8220;\"}]}]}<\/script>\n<!-- \/ Yoast SEO plugin. -->","yoast_head_json":{"title":"Postkarten \"Auf den Spuren der Siebenb\u00fcrger-Sachsen\" | Fundatia Michael Schmidt","robots":{"index":"index","follow":"follow","max-snippet":"max-snippet:-1","max-image-preview":"max-image-preview:large","max-video-preview":"max-video-preview:-1"},"canonical":"https:\/\/www.fundatia-michael-schmidt.org\/de\/postkarten-auf-den-spuren-der-siebenburger-sachsen\/","og_locale":"de_DE","og_type":"article","og_title":"Postkarten \"Auf den Spuren der Siebenb\u00fcrger-Sachsen\" | Fundatia Michael Schmidt","og_description":"Diese 45 Postkarten aus der Fotokollektion \u201eAuf den Spuren der Siebenb\u00fcrger-Sachsen\u201c sind Teil eines umfangreichen Projektes, mit dem Ziel eine der wichtigsten Kulturen einer Bev\u00f6lkerungsminderheit aus Rum\u00e4nien (wieder) zu entdecken &amp; ihrer vor \u00fcber 800 Jahren beginnenden Erz\u00e4hlung zu folgen. F\u00fcr die erste Postkartenserie haben wir das Haferland und die Stadt Sch\u00e4\u00dfburg\u00a0ausgew\u00e4hlt. Die St\u00e4dte, beziehungsweise [...]","og_url":"https:\/\/www.fundatia-michael-schmidt.org\/de\/postkarten-auf-den-spuren-der-siebenburger-sachsen\/","og_site_name":"Fundatia Michael Schmidt","og_image":[{"url":"http:\/\/www.fundatia-michael-schmidt.org\/wp-content\/uploads\/2016\/10\/Carti-postale-212x300.png"}],"twitter_card":"summary","twitter_misc":{"Gesch\u00e4tzte Lesezeit":"1\u00a0Minute"},"schema":{"@context":"https:\/\/schema.org","@graph":[{"@type":"WebSite","@id":"https:\/\/www.fundatia-michael-schmidt.org\/#website","url":"https:\/\/www.fundatia-michael-schmidt.org\/","name":"Fundatia Michael Schmidt","description":"","potentialAction":[{"@type":"SearchAction","target":{"@type":"EntryPoint","urlTemplate":"https:\/\/www.fundatia-michael-schmidt.org\/?s={search_term_string}"},"query-input":"required name=search_term_string"}],"inLanguage":"de"},{"@type":"ImageObject","@id":"https:\/\/www.fundatia-michael-schmidt.org\/de\/postkarten-auf-den-spuren-der-siebenburger-sachsen\/#primaryimage","inLanguage":"de","url":"http:\/\/www.fundatia-michael-schmidt.org\/wp-content\/uploads\/2016\/10\/Carti-postale-212x300.png","contentUrl":"http:\/\/www.fundatia-michael-schmidt.org\/wp-content\/uploads\/2016\/10\/Carti-postale-212x300.png"},{"@type":"WebPage","@id":"https:\/\/www.fundatia-michael-schmidt.org\/de\/postkarten-auf-den-spuren-der-siebenburger-sachsen\/#webpage","url":"https:\/\/www.fundatia-michael-schmidt.org\/de\/postkarten-auf-den-spuren-der-siebenburger-sachsen\/","name":"Postkarten \"Auf den Spuren der Siebenb\u00fcrger-Sachsen\" | Fundatia Michael Schmidt","isPartOf":{"@id":"https:\/\/www.fundatia-michael-schmidt.org\/#website"},"primaryImageOfPage":{"@id":"https:\/\/www.fundatia-michael-schmidt.org\/de\/postkarten-auf-den-spuren-der-siebenburger-sachsen\/#primaryimage"},"datePublished":"2016-10-03T17:08:48+00:00","dateModified":"2016-10-03T17:08:48+00:00","breadcrumb":{"@id":"https:\/\/www.fundatia-michael-schmidt.org\/de\/postkarten-auf-den-spuren-der-siebenburger-sachsen\/#breadcrumb"},"inLanguage":"de","potentialAction":[{"@type":"ReadAction","target":["https:\/\/www.fundatia-michael-schmidt.org\/de\/postkarten-auf-den-spuren-der-siebenburger-sachsen\/"]}]},{"@type":"BreadcrumbList","@id":"https:\/\/www.fundatia-michael-schmidt.org\/de\/postkarten-auf-den-spuren-der-siebenburger-sachsen\/#breadcrumb","itemListElement":[{"@type":"ListItem","position":1,"name":"Home","item":"https:\/\/www.fundatia-michael-schmidt.org\/de\/"},{"@type":"ListItem","position":2,"name":"Postkarten &#8222;Auf den Spuren der Siebenb\u00fcrger-Sachsen&#8220;"}]}]}},"jetpack_sharing_enabled":true,"jetpack_shortlink":"https:\/\/wp.me\/P7wrmh-TO","jetpack-related-posts":[{"id":3458,"url":"https:\/\/www.fundatia-michael-schmidt.org\/de\/das-buch-deutsch-kreuz-geschichte-erzahlungen-und-leben-in-einem-siebenburgisch-sachsischen-dorf\/","url_meta":{"origin":3460,"position":0},"title":"Das Buch &#8222;Deutsch-Kreuz. Geschichte, Erz\u00e4hlungen und Leben in einem siebenb\u00fcrgisch-s\u00e4chsischen Dorf&#8220;\u00a0","date":"Oktober 3, 2016","format":false,"excerpt":"Das Buch von Ruxandra Hurezean \u201eDeutsch-Kreuz. Geschichte, Geschichten und Leben eines siebenb\u00fcrgisch-s\u00e4chsischen Dorfes\u201c, geschrieben im Stil eines Romans, mit einer sehr lebendigen und authentischen Schreibweise, beschreibt die Geschichte des Dorfes Deutsch-Kreuz, gesehen aus den Augen von Sofia Folberth, die mit ihren 94 Jahren die wohl \u00e4lteste Siebenb\u00fcrger-S\u00e4chsin in der Region\u2026","rel":"","context":"\u00c4hnlicher Beitrag","img":{"alt_text":"","src":"","width":0,"height":0},"classes":[]},{"id":3466,"url":"https:\/\/www.fundatia-michael-schmidt.org\/de\/spenden\/","url_meta":{"origin":3460,"position":1},"title":"Spenden","date":"Januar 31, 2017","format":false,"excerpt":"Seit \u00fcber sechs Jahren arbeiten wir daran, das Kulturgut der Siebenb\u00fcrger-Sachsen in Rum\u00e4nien zu erhalten, sowie das wertvolle Kulturerbe dieser Gemeinschaft zu f\u00f6rdern. Wir sind stolz auf das was wir erreicht haben, aber es gibt noch viel zu tun. Ihre Spende hilft uns dabei, siebenb\u00fcrgisch-s\u00e4chsische H\u00e4user zu restaurieren, Kinder aus\u2026","rel":"","context":"\u00c4hnlicher Beitrag","img":{"alt_text":"","src":"https:\/\/i0.wp.com\/www.fundatia-michael-schmidt.org\/wp-content\/uploads\/2017\/01\/Sectiune-Cum-poti-sprijini-fundatia.jpg?resize=350%2C200&ssl=1","width":350,"height":200},"classes":[]},{"id":3427,"url":"https:\/\/www.fundatia-michael-schmidt.org\/de\/uber-uns\/","url_meta":{"origin":3460,"position":2},"title":"\u00dcber uns","date":"Mai 9, 2016","format":false,"excerpt":"Wenn Sie hier auf unserer Seite angekommen sind, bedeutet es, dass Sie sich einbringen m\u00f6chten, genauso wie wir. Bevor wir Ihnen zeigen, wie Sie dies tun k\u00f6nnen, m\u00f6chten wir Ihnen einige Informationen \u00fcber unsere Stiftung geben: Die Michael Schmidt Stiftung ist eine Non-Profit Organisation, die im Jahr 2010 von Michael\u2026","rel":"","context":"\u00c4hnlicher Beitrag","img":{"alt_text":"","src":"https:\/\/i0.wp.com\/www.fundatia-michael-schmidt.org\/wp-content\/uploads\/2016\/05\/ok.jpg?resize=350%2C200&ssl=1","width":350,"height":200},"classes":[]},{"id":3464,"url":"https:\/\/www.fundatia-michael-schmidt.org\/de\/das-buch-die-geschichte-der-siebenburger-sachsen-von-ihnen-selbst-erzahlt\/","url_meta":{"origin":3460,"position":3},"title":"Das Buch \u201cDie Geschichte der Siebenb\u00fcrger-Sachsen. Von ihnen selbst erz\u00e4hlt\u201d","date":"Dezember 9, 2016","format":false,"excerpt":"Das Buch \u201cDie Geschichte der Siebenb\u00fcrger-Sachsen. Von ihnen selbst erz\u00e4hlt\u201d von Ruxandra Hurezean, enth\u00e4lt die Lebensgeschichten von 12 Siebenb\u00fcrger-Sachsen, die nach dem Kommunismus in Rum\u00e4nien geblieben, beziehungsweise nach Rum\u00e4nien zur\u00fcckgekehrt sind. Die Geschichten sind \u201evon ihnen selbst erz\u00e4hlt\u201c, weil es sich um Reportagen handelt, die durch journalistische Mittel \u00fcber mehrere\u2026","rel":"","context":"\u00c4hnlicher Beitrag","img":{"alt_text":"","src":"","width":0,"height":0},"classes":[]},{"id":3431,"url":"https:\/\/www.fundatia-michael-schmidt.org\/de\/beteiligen-sie-sich-an-unseren-projekten\/","url_meta":{"origin":3460,"position":4},"title":"Beteiligen Sie sich an unseren Projekten!","date":"Mai 9, 2016","format":false,"excerpt":"Seit \u00fcber sechs Jahren arbeiten wir nun schon mit ganzem Herzen daran, das Kulturgut der Siebenb\u00fcrger Sachsen wieder zu beleben und f\u00fcr zuk\u00fcnftige Generationen zu erhalten. Schlie\u00dfen Sie sich uns an, denn Ihr Beitrag unterst\u00fctzt uns bei unserem Vorhaben, die siebenb\u00fcrgisch-s\u00e4chsischen D\u00f6rfer wieder in ihren urspr\u00fcnglichen Zustand zu versetzen. Der\u2026","rel":"","context":"\u00c4hnlicher Beitrag","img":{"alt_text":"","src":"https:\/\/i0.wp.com\/www.fundatia-michael-schmidt.org\/wp-content\/uploads\/2021\/06\/Haferland-Crit-27-07-2020-5.jpg?resize=350%2C200&ssl=1","width":350,"height":200},"classes":[]},{"id":3456,"url":"https:\/\/www.fundatia-michael-schmidt.org\/de\/dvd-orgeln-in-siebenburgen-eine-reise-zu-den-wurzeln\/","url_meta":{"origin":3460,"position":5},"title":"DVD &#8222;Orgeln in Siebenb\u00fcrgen \u2013 eine Reise zu den Wurzeln&#8230;&#8220;","date":"Oktober 3, 2016","format":false,"excerpt":"Eine originelle Reise durch die siebenb\u00fcrgischen Kirchenburgen und deren Orgeln. Die gefilmten Motive und die Musik in dieser Dokumentation lassen die Magie der l\u00e4ngst vergangenen Zeit erahnen. Das Orgelmuseum aus Zeiden, sowie die \u00e4lteste, und die gr\u00f6\u00dfte, als auch die pr\u00e4chtigste Orgel aus Siebenb\u00fcrgen, sind nur einige interessante Aspekte die\u2026","rel":"","context":"\u00c4hnlicher Beitrag","img":{"alt_text":"","src":"https:\/\/i0.wp.com\/www.fundatia-michael-schmidt.org\/wp-content\/uploads\/2016\/10\/Coperta-DVD-229x300.png?resize=350%2C200","width":350,"height":200},"classes":[]}],"_links":{"self":[{"href":"https:\/\/www.fundatia-michael-schmidt.org\/de\/wp-json\/wp\/v2\/pages\/3460"}],"collection":[{"href":"https:\/\/www.fundatia-michael-schmidt.org\/de\/wp-json\/wp\/v2\/pages"}],"about":[{"href":"https:\/\/www.fundatia-michael-schmidt.org\/de\/wp-json\/wp\/v2\/types\/page"}],"author":[{"embeddable":true,"href":"https:\/\/www.fundatia-michael-schmidt.org\/de\/wp-json\/wp\/v2\/users\/1"}],"replies":[{"embeddable":true,"href":"https:\/\/www.fundatia-michael-schmidt.org\/de\/wp-json\/wp\/v2\/comments?post=3460"}],"version-history":[{"count":0,"href":"https:\/\/www.fundatia-michael-schmidt.org\/de\/wp-json\/wp\/v2\/pages\/3460\/revisions"}],"wp:attachment":[{"href":"https:\/\/www.fundatia-michael-schmidt.org\/de\/wp-json\/wp\/v2\/media?parent=3460"}],"curies":[{"name":"wp","href":"https:\/\/api.w.org\/{rel}","templated":true}]}}