{"id":3437,"date":"2016-05-10T09:05:15","date_gmt":"2016-05-10T09:05:15","guid":{"rendered":"https:\/\/fundatia-mvschmidt.org\/stiftungsbeirat\/"},"modified":"2026-01-26T07:49:38","modified_gmt":"2026-01-26T07:49:38","slug":"stiftungsbeirat","status":"publish","type":"page","link":"https:\/\/www.fundatia-michael-schmidt.org\/de\/uber-uns\/stiftungsbeirat\/","title":{"rendered":"Stiftungsbeirat"},"content":{"rendered":"<p>Der Stiftungsbeirat besteht aus folgenden Mitgliedern:<\/p>\n<p><strong>Herr Michael Schmidt<\/strong> \u2013 <em>Gr\u00fcnder und Vorsitzender der Stiftung<\/em><\/p>\n<p>________________________________________________________________<\/p>\n<p>&nbsp;<\/p>\n","protected":false},"excerpt":{"rendered":"<p>Der Stiftungsbeirat besteht aus folgenden Mitgliedern: Herr Michael Schmidt \u2013 Gr\u00fcnder und Vorsitzender der Stiftung ________________________________________________________________ &nbsp;<\/p>\n","protected":false},"author":1,"featured_media":0,"parent":3427,"menu_order":0,"comment_status":"closed","ping_status":"closed","template":"","meta":{"spay_email":""},"yoast_head":"<!-- This site is optimized with the Yoast SEO plugin v18.2 - https:\/\/yoast.com\/wordpress\/plugins\/seo\/ -->\n<title>Stiftungsbeirat | Fundatia Michael Schmidt<\/title>\n<meta name=\"robots\" content=\"index, follow, max-snippet:-1, max-image-preview:large, max-video-preview:-1\" \/>\n<link rel=\"canonical\" href=\"https:\/\/www.fundatia-michael-schmidt.org\/de\/uber-uns\/stiftungsbeirat\/\" \/>\n<meta property=\"og:locale\" content=\"de_DE\" \/>\n<meta property=\"og:type\" content=\"article\" \/>\n<meta property=\"og:title\" content=\"Stiftungsbeirat | Fundatia Michael Schmidt\" \/>\n<meta property=\"og:description\" content=\"Der Stiftungsbeirat besteht aus folgenden Mitgliedern: Herr Michael Schmidt \u2013 Gr\u00fcnder und Vorsitzender der Stiftung ________________________________________________________________ &nbsp;\" \/>\n<meta property=\"og:url\" content=\"https:\/\/www.fundatia-michael-schmidt.org\/de\/uber-uns\/stiftungsbeirat\/\" \/>\n<meta property=\"og:site_name\" content=\"Fundatia Michael Schmidt\" \/>\n<meta property=\"article:modified_time\" content=\"2026-01-26T07:49:38+00:00\" \/>\n<meta name=\"twitter:card\" content=\"summary\" \/>\n<script type=\"application\/ld+json\" class=\"yoast-schema-graph\">{\"@context\":\"https:\/\/schema.org\",\"@graph\":[{\"@type\":\"WebSite\",\"@id\":\"https:\/\/www.fundatia-michael-schmidt.org\/#website\",\"url\":\"https:\/\/www.fundatia-michael-schmidt.org\/\",\"name\":\"Fundatia Michael Schmidt\",\"description\":\"\",\"potentialAction\":[{\"@type\":\"SearchAction\",\"target\":{\"@type\":\"EntryPoint\",\"urlTemplate\":\"https:\/\/www.fundatia-michael-schmidt.org\/?s={search_term_string}\"},\"query-input\":\"required name=search_term_string\"}],\"inLanguage\":\"de\"},{\"@type\":\"WebPage\",\"@id\":\"https:\/\/www.fundatia-michael-schmidt.org\/de\/uber-uns\/stiftungsbeirat\/#webpage\",\"url\":\"https:\/\/www.fundatia-michael-schmidt.org\/de\/uber-uns\/stiftungsbeirat\/\",\"name\":\"Stiftungsbeirat | Fundatia Michael Schmidt\",\"isPartOf\":{\"@id\":\"https:\/\/www.fundatia-michael-schmidt.org\/#website\"},\"datePublished\":\"2016-05-10T09:05:15+00:00\",\"dateModified\":\"2026-01-26T07:49:38+00:00\",\"breadcrumb\":{\"@id\":\"https:\/\/www.fundatia-michael-schmidt.org\/de\/uber-uns\/stiftungsbeirat\/#breadcrumb\"},\"inLanguage\":\"de\",\"potentialAction\":[{\"@type\":\"ReadAction\",\"target\":[\"https:\/\/www.fundatia-michael-schmidt.org\/de\/uber-uns\/stiftungsbeirat\/\"]}]},{\"@type\":\"BreadcrumbList\",\"@id\":\"https:\/\/www.fundatia-michael-schmidt.org\/de\/uber-uns\/stiftungsbeirat\/#breadcrumb\",\"itemListElement\":[{\"@type\":\"ListItem\",\"position\":1,\"name\":\"Home\",\"item\":\"https:\/\/www.fundatia-michael-schmidt.org\/de\/\"},{\"@type\":\"ListItem\",\"position\":2,\"name\":\"\u00dcber uns\",\"item\":\"https:\/\/www.fundatia-michael-schmidt.org\/de\/uber-uns\/\"},{\"@type\":\"ListItem\",\"position\":3,\"name\":\"Stiftungsbeirat\"}]}]}<\/script>\n<!-- \/ Yoast SEO plugin. -->","yoast_head_json":{"title":"Stiftungsbeirat | Fundatia Michael Schmidt","robots":{"index":"index","follow":"follow","max-snippet":"max-snippet:-1","max-image-preview":"max-image-preview:large","max-video-preview":"max-video-preview:-1"},"canonical":"https:\/\/www.fundatia-michael-schmidt.org\/de\/uber-uns\/stiftungsbeirat\/","og_locale":"de_DE","og_type":"article","og_title":"Stiftungsbeirat | Fundatia Michael Schmidt","og_description":"Der Stiftungsbeirat besteht aus folgenden Mitgliedern: Herr Michael Schmidt \u2013 Gr\u00fcnder und Vorsitzender der Stiftung ________________________________________________________________ &nbsp;","og_url":"https:\/\/www.fundatia-michael-schmidt.org\/de\/uber-uns\/stiftungsbeirat\/","og_site_name":"Fundatia Michael Schmidt","article_modified_time":"2026-01-26T07:49:38+00:00","twitter_card":"summary","schema":{"@context":"https:\/\/schema.org","@graph":[{"@type":"WebSite","@id":"https:\/\/www.fundatia-michael-schmidt.org\/#website","url":"https:\/\/www.fundatia-michael-schmidt.org\/","name":"Fundatia Michael Schmidt","description":"","potentialAction":[{"@type":"SearchAction","target":{"@type":"EntryPoint","urlTemplate":"https:\/\/www.fundatia-michael-schmidt.org\/?s={search_term_string}"},"query-input":"required name=search_term_string"}],"inLanguage":"de"},{"@type":"WebPage","@id":"https:\/\/www.fundatia-michael-schmidt.org\/de\/uber-uns\/stiftungsbeirat\/#webpage","url":"https:\/\/www.fundatia-michael-schmidt.org\/de\/uber-uns\/stiftungsbeirat\/","name":"Stiftungsbeirat | Fundatia Michael Schmidt","isPartOf":{"@id":"https:\/\/www.fundatia-michael-schmidt.org\/#website"},"datePublished":"2016-05-10T09:05:15+00:00","dateModified":"2026-01-26T07:49:38+00:00","breadcrumb":{"@id":"https:\/\/www.fundatia-michael-schmidt.org\/de\/uber-uns\/stiftungsbeirat\/#breadcrumb"},"inLanguage":"de","potentialAction":[{"@type":"ReadAction","target":["https:\/\/www.fundatia-michael-schmidt.org\/de\/uber-uns\/stiftungsbeirat\/"]}]},{"@type":"BreadcrumbList","@id":"https:\/\/www.fundatia-michael-schmidt.org\/de\/uber-uns\/stiftungsbeirat\/#breadcrumb","itemListElement":[{"@type":"ListItem","position":1,"name":"Home","item":"https:\/\/www.fundatia-michael-schmidt.org\/de\/"},{"@type":"ListItem","position":2,"name":"\u00dcber uns","item":"https:\/\/www.fundatia-michael-schmidt.org\/de\/uber-uns\/"},{"@type":"ListItem","position":3,"name":"Stiftungsbeirat"}]}]}},"jetpack_sharing_enabled":true,"jetpack_shortlink":"https:\/\/wp.me\/P7wrmh-Tr","jetpack-related-posts":[{"id":3460,"url":"https:\/\/www.fundatia-michael-schmidt.org\/de\/postkarten-auf-den-spuren-der-siebenburger-sachsen\/","url_meta":{"origin":3437,"position":0},"title":"Postkarten &#8222;Auf den Spuren der Siebenb\u00fcrger-Sachsen&#8220;","date":"Oktober 3, 2016","format":false,"excerpt":"Diese 45 Postkarten aus der Fotokollektion \u201eAuf den Spuren der Siebenb\u00fcrger-Sachsen\u201c sind Teil eines umfangreichen Projektes, mit dem Ziel eine der wichtigsten Kulturen einer Bev\u00f6lkerungsminderheit aus Rum\u00e4nien (wieder) zu entdecken & ihrer vor \u00fcber 800 Jahren beginnenden Erz\u00e4hlung zu folgen. F\u00fcr die erste Postkartenserie haben wir das Haferland und die\u2026","rel":"","context":"\u00c4hnlicher Beitrag","img":{"alt_text":"","src":"https:\/\/i0.wp.com\/www.fundatia-michael-schmidt.org\/wp-content\/uploads\/2016\/10\/Carti-postale-212x300.png?resize=350%2C200","width":350,"height":200},"classes":[]},{"id":3458,"url":"https:\/\/www.fundatia-michael-schmidt.org\/de\/das-buch-deutsch-kreuz-geschichte-erzahlungen-und-leben-in-einem-siebenburgisch-sachsischen-dorf\/","url_meta":{"origin":3437,"position":1},"title":"Das Buch &#8222;Deutsch-Kreuz. Geschichte, Erz\u00e4hlungen und Leben in einem siebenb\u00fcrgisch-s\u00e4chsischen Dorf&#8220;\u00a0","date":"Oktober 3, 2016","format":false,"excerpt":"Das Buch von Ruxandra Hurezean \u201eDeutsch-Kreuz. Geschichte, Geschichten und Leben eines siebenb\u00fcrgisch-s\u00e4chsischen Dorfes\u201c, geschrieben im Stil eines Romans, mit einer sehr lebendigen und authentischen Schreibweise, beschreibt die Geschichte des Dorfes Deutsch-Kreuz, gesehen aus den Augen von Sofia Folberth, die mit ihren 94 Jahren die wohl \u00e4lteste Siebenb\u00fcrger-S\u00e4chsin in der Region\u2026","rel":"","context":"\u00c4hnlicher Beitrag","img":{"alt_text":"","src":"","width":0,"height":0},"classes":[]},{"id":3464,"url":"https:\/\/www.fundatia-michael-schmidt.org\/de\/das-buch-die-geschichte-der-siebenburger-sachsen-von-ihnen-selbst-erzahlt\/","url_meta":{"origin":3437,"position":2},"title":"Das Buch \u201cDie Geschichte der Siebenb\u00fcrger-Sachsen. Von ihnen selbst erz\u00e4hlt\u201d","date":"Dezember 9, 2016","format":false,"excerpt":"Das Buch \u201cDie Geschichte der Siebenb\u00fcrger-Sachsen. Von ihnen selbst erz\u00e4hlt\u201d von Ruxandra Hurezean, enth\u00e4lt die Lebensgeschichten von 12 Siebenb\u00fcrger-Sachsen, die nach dem Kommunismus in Rum\u00e4nien geblieben, beziehungsweise nach Rum\u00e4nien zur\u00fcckgekehrt sind. Die Geschichten sind \u201evon ihnen selbst erz\u00e4hlt\u201c, weil es sich um Reportagen handelt, die durch journalistische Mittel \u00fcber mehrere\u2026","rel":"","context":"\u00c4hnlicher Beitrag","img":{"alt_text":"","src":"","width":0,"height":0},"classes":[]},{"id":3447,"url":"https:\/\/www.fundatia-michael-schmidt.org\/de\/wiederherstellung-der-orgel\/","url_meta":{"origin":3437,"position":3},"title":"Wiederherstellung der Orgel","date":"Juni 6, 2016","format":false,"excerpt":"","rel":"","context":"\u00c4hnlicher Beitrag","img":{"alt_text":"","src":"","width":0,"height":0},"classes":[]},{"id":3466,"url":"https:\/\/www.fundatia-michael-schmidt.org\/de\/spenden\/","url_meta":{"origin":3437,"position":4},"title":"Spenden","date":"Januar 31, 2017","format":false,"excerpt":"Seit \u00fcber sechs Jahren arbeiten wir daran, das Kulturgut der Siebenb\u00fcrger-Sachsen in Rum\u00e4nien zu erhalten, sowie das wertvolle Kulturerbe dieser Gemeinschaft zu f\u00f6rdern. Wir sind stolz auf das was wir erreicht haben, aber es gibt noch viel zu tun. Ihre Spende hilft uns dabei, siebenb\u00fcrgisch-s\u00e4chsische H\u00e4user zu restaurieren, Kinder aus\u2026","rel":"","context":"\u00c4hnlicher Beitrag","img":{"alt_text":"","src":"https:\/\/i0.wp.com\/www.fundatia-michael-schmidt.org\/wp-content\/uploads\/2017\/01\/Sectiune-Cum-poti-sprijini-fundatia.jpg?resize=350%2C200&ssl=1","width":350,"height":200},"classes":[]},{"id":3427,"url":"https:\/\/www.fundatia-michael-schmidt.org\/de\/uber-uns\/","url_meta":{"origin":3437,"position":5},"title":"\u00dcber uns","date":"Mai 9, 2016","format":false,"excerpt":"Wenn Sie hier auf unserer Seite angekommen sind, bedeutet es, dass Sie sich einbringen m\u00f6chten, genauso wie wir. Bevor wir Ihnen zeigen, wie Sie dies tun k\u00f6nnen, m\u00f6chten wir Ihnen einige Informationen \u00fcber unsere Stiftung geben: Die Michael Schmidt Stiftung ist eine Non-Profit Organisation, die im Jahr 2010 von Michael\u2026","rel":"","context":"\u00c4hnlicher Beitrag","img":{"alt_text":"","src":"https:\/\/i0.wp.com\/www.fundatia-michael-schmidt.org\/wp-content\/uploads\/2016\/05\/ok.jpg?resize=350%2C200&ssl=1","width":350,"height":200},"classes":[]}],"_links":{"self":[{"href":"https:\/\/www.fundatia-michael-schmidt.org\/de\/wp-json\/wp\/v2\/pages\/3437"}],"collection":[{"href":"https:\/\/www.fundatia-michael-schmidt.org\/de\/wp-json\/wp\/v2\/pages"}],"about":[{"href":"https:\/\/www.fundatia-michael-schmidt.org\/de\/wp-json\/wp\/v2\/types\/page"}],"author":[{"embeddable":true,"href":"https:\/\/www.fundatia-michael-schmidt.org\/de\/wp-json\/wp\/v2\/users\/1"}],"replies":[{"embeddable":true,"href":"https:\/\/www.fundatia-michael-schmidt.org\/de\/wp-json\/wp\/v2\/comments?post=3437"}],"version-history":[{"count":1,"href":"https:\/\/www.fundatia-michael-schmidt.org\/de\/wp-json\/wp\/v2\/pages\/3437\/revisions"}],"predecessor-version":[{"id":5441,"href":"https:\/\/www.fundatia-michael-schmidt.org\/de\/wp-json\/wp\/v2\/pages\/3437\/revisions\/5441"}],"up":[{"embeddable":true,"href":"https:\/\/www.fundatia-michael-schmidt.org\/de\/wp-json\/wp\/v2\/pages\/3427"}],"wp:attachment":[{"href":"https:\/\/www.fundatia-michael-schmidt.org\/de\/wp-json\/wp\/v2\/media?parent=3437"}],"curies":[{"name":"wp","href":"https:\/\/api.w.org\/{rel}","templated":true}]}}